{"id":1013,"date":"2024-03-25T12:34:05","date_gmt":"2024-03-25T11:34:05","guid":{"rendered":"https:\/\/mediumorchid-mantis-114447.hostingersite.com\/psla\/?page_id=1013"},"modified":"2024-03-26T09:58:35","modified_gmt":"2024-03-26T08:58:35","slug":"sidracrucis-2024","status":"publish","type":"page","link":"https:\/\/mediumorchid-mantis-114447.hostingersite.com\/psla\/as\/sidracrucis-2024\/","title":{"rendered":"Sidracrucis 2024"},"content":{"rendered":"<p><img fetchpriority=\"high\" decoding=\"async\" src=\"https:\/\/mediumorchid-mantis-114447.hostingersite.com\/psla\/wp-content\/uploads\/2024\/03\/1680943185791.jpg\" sizes=\"(max-width: 1600px) 100vw, 1600px\" srcset=\"https:\/\/mediumorchid-mantis-114447.hostingersite.com\/psla\/wp-content\/uploads\/2024\/03\/1680943185791.jpg 1600w, https:\/\/mediumorchid-mantis-114447.hostingersite.com\/psla\/wp-content\/uploads\/2024\/03\/1680943185791-300x225.jpg 300w, https:\/\/mediumorchid-mantis-114447.hostingersite.com\/psla\/wp-content\/uploads\/2024\/03\/1680943185791-1024x768.jpg 1024w, https:\/\/mediumorchid-mantis-114447.hostingersite.com\/psla\/wp-content\/uploads\/2024\/03\/1680943185791-768x576.jpg 768w, https:\/\/mediumorchid-mantis-114447.hostingersite.com\/psla\/wp-content\/uploads\/2024\/03\/1680943185791-1536x1152.jpg 1536w\" alt=\"\" width=\"1600\" height=\"1200\" \/><span style=\"font-size: 14pt;\"><strong>El Sidracrucis ye l&#8217;aut\u00e9ntica procesi\u00f3n sidrera, con pinchos pal cuerpu y sidre pal alma. Diez hores sigu\u00edes de folixa sidrera con tresllaos n&#8217;autocar, sidre asgaya, pinchos en ca sidrer\u00eda, espicha final, m\u00fasica&#8217;l pa\u00eds y munches, munches ganes de pasalo bien en bona compa\u00f1\u00eda.<\/strong><\/span><\/p>\n<p>&nbsp;<\/p>\n<p><strong>INSCRIPCIONES<\/strong><\/p>\n<p>El preciu -tou incluy\u00edu- ye de 75 \u20ac por persona. L&#8217;ingresu hai que faelo poniendo&#8217;l nome del participante y tel\u00e9fonu de contactu nel n\u00famberu de cuenta de la Fundaci\u00f3n Asturies XXI:<\/p>\n<p>ES 09 0081 5157 600001228623<\/p>\n<p>P&#8217;apuntase y m\u00e1s informaci\u00f3n:<br \/>\nLA SIDRA T\/Whatsapp: 652 594 983 o 684644711<br \/>\nCorr\u00e9u lletr\u00f3nicu: adlasidragmail.com<\/p>\n<p><span style=\"font-size: 14pt;\"><strong>El percorr\u00edu y los horarios<\/strong> <\/span>suxetos a posibles variaciones- va ser el siguiente:<br \/>\n11:30 Pza Gral Primu de Rivera Uvi\u00e9u 12<br \/>\nA 12:30 oficina LA SIDRA, repartida de credenciales, instruciones y primeros culinos. Ensayu del Xerman\u00edn.<\/p>\n<p><strong>PRIMER ETAPA: CHIGRES DE XIX\u00d3N<\/strong><\/p>\n<ul>\n<li><img decoding=\"async\" class=\"alignleft\" src=\"https:\/\/mediumorchid-mantis-114447.hostingersite.com\/psla\/wp-content\/uploads\/2024\/03\/IMG_20230407_130352-300x138.jpg\" alt=\"\" width=\"215\" height=\"99\" \/>12:30 a 13:00 h. Sidrer\u00eda La Montera Picona de Ram\u00f3n. Barra llibre de sidre y pinchos.<\/li>\n<\/ul>\n<p>13:00 a 13:30 h. Sidrer\u00eda El Mostachu. Barra llibre de sidre y pinchos.<br \/>\n13:30 a 14:00 h. Sidrer\u00eda Tr\u00e9bol. Barra llibre de sidre y pinchos.<\/p>\n<p><strong>SEGUNDA ETAPA: AVITUALLAMIENTU<\/strong><br \/>\n<strong><img decoding=\"async\" class=\"alignleft\" src=\"https:\/\/mediumorchid-mantis-114447.hostingersite.com\/psla\/wp-content\/uploads\/2024\/03\/IGP2215-anikina-300x199.jpg\" alt=\"\" width=\"214\" height=\"142\" \/><\/strong><\/p>\n<p>14:30 a 16:30 h. XIV Primer Sidre L\u2019A\u00f1u. Ell\u00ed va partise la xinta y podr\u00e1 esfrutase de les actividaes de la PSLA mientres se prueba tola sidre que se quiera de los llagares participantes.<\/p>\n<p>&nbsp;<\/p>\n<p><strong>TERCER ETAPA \u2013 VILLAVICIOSA\u00a0<\/strong><br \/>\n<strong><img loading=\"lazy\" decoding=\"async\" class=\"alignleft\" src=\"https:\/\/mediumorchid-mantis-114447.hostingersite.com\/psla\/wp-content\/uploads\/2024\/03\/WhatsApp-Image-2023-04-07-at-22.54.30-300x138.jpeg\" alt=\"\" width=\"300\" height=\"138\" \/><\/strong><\/p>\n<p>16:30 a 17:30 h Llagar Cortina. Visita guiao al llagar y degustaci\u00f3n de la so sidre.<\/p>\n<p>&nbsp;<\/p>\n<p>&nbsp;<\/p>\n<p><strong>CUARTA ETAPA \u2013 NAVA\u00a0<\/strong><br \/>\n<strong><img loading=\"lazy\" decoding=\"async\" class=\"alignleft\" src=\"https:\/\/mediumorchid-mantis-114447.hostingersite.com\/psla\/wp-content\/uploads\/2024\/03\/IMG_20230407_173825-300x138.jpg\" alt=\"\" width=\"300\" height=\"138\" \/><\/strong><\/p>\n<p>17:30 a 18:15 h. Mus\u00e9u de la Sidre<br \/>\n18:15 a 18:45 h. Sidrer\u00eda Florida Barra llibre de sidre y pinchos.<br \/>\n18:45 a 19:15 h. Sidrer\u00eda Plaza Barra llibre de sidre y pinchos.<\/p>\n<p>&nbsp;<\/p>\n<p><strong>ESPICHA FINAL<\/strong><br \/>\n<strong><img loading=\"lazy\" decoding=\"async\" class=\"alignleft\" src=\"https:\/\/mediumorchid-mantis-114447.hostingersite.com\/psla\/wp-content\/uploads\/2024\/03\/1680943185822-300x225.jpg\" alt=\"\" width=\"251\" height=\"188\" \/><\/strong>19:45 a 22:00 h.<\/p>\n<p>&nbsp;<\/p>\n<p>&nbsp;<\/p>\n<p>&nbsp;<\/p>\n<p>&nbsp;<\/p>\n<p><strong>VUELTA <\/strong><\/p>\n<p>22:00 h. Regresu en bus a Xix\u00f3n y Uvi\u00e9u<br \/>\nComo ye vezu, el n\u00famberu de places ta llind\u00e1u y va siguise un rigorosu orde d&#8217;inscripci\u00f3n, polo que quien tea interes\u00e1u va tener que tar bien sollerte!!!<\/p>\n<p>&nbsp;<\/p>\n","protected":false},"excerpt":{"rendered":"<p>El Sidracrucis ye l&#8217;aut\u00e9ntica procesi\u00f3n sidrera, con pinchos pal cuerpu y sidre pal alma. Diez hores sigu\u00edes de folixa sidrera con tresllaos n&#8217;autocar, sidre asgaya, pinchos en ca sidrer\u00eda, espicha final, m\u00fasica&#8217;l pa\u00eds y munches, munches ganes de pasalo bien en bona compa\u00f1\u00eda. &nbsp; INSCRIPCIONES El preciu -tou incluy\u00edu- ye de 75 \u20ac por persona. [&hellip;]<\/p>\n","protected":false},"author":1,"featured_media":143,"parent":0,"menu_order":0,"comment_status":"closed","ping_status":"closed","template":"elementor_header_footer","meta":{"zakra_page_container_layout":"customizer","zakra_page_sidebar_layout":"customizer","zakra_remove_content_margin":false,"zakra_sidebar":"customizer","zakra_transparent_header":"customizer","zakra_logo":0,"zakra_main_header_style":"default","zakra_menu_item_color":"","zakra_menu_item_hover_color":"","zakra_menu_item_active_color":"","zakra_menu_active_style":"","zakra_page_header":true,"footnotes":""},"class_list":["post-1013","page","type-page","status-publish","has-post-thumbnail","hentry"],"yoast_head":"<!-- This site is optimized with the Yoast SEO plugin v27.5 - https:\/\/yoast.com\/product\/yoast-seo-wordpress\/ -->\n<title>Sidracrucis 2024 -<\/title>\n<meta name=\"robots\" content=\"index, follow, max-snippet:-1, max-image-preview:large, max-video-preview:-1\" \/>\n<link rel=\"canonical\" href=\"https:\/\/mediumorchid-mantis-114447.hostingersite.com\/psla\/as\/sidracrucis-2024\/\" \/>\n<meta property=\"og:locale\" content=\"es_ES\" \/>\n<meta property=\"og:type\" content=\"article\" \/>\n<meta property=\"og:title\" content=\"Sidracrucis 2024 -\" \/>\n<meta property=\"og:description\" content=\"El Sidracrucis ye l&#8217;aut\u00e9ntica procesi\u00f3n sidrera, con pinchos pal cuerpu y sidre pal alma. Diez hores sigu\u00edes de folixa sidrera con tresllaos n&#8217;autocar, sidre asgaya, pinchos en ca sidrer\u00eda, espicha final, m\u00fasica&#8217;l pa\u00eds y munches, munches ganes de pasalo bien en bona compa\u00f1\u00eda. &nbsp; INSCRIPCIONES El preciu -tou incluy\u00edu- ye de 75 \u20ac por persona. [&hellip;]\" \/>\n<meta property=\"og:url\" content=\"https:\/\/mediumorchid-mantis-114447.hostingersite.com\/psla\/as\/sidracrucis-2024\/\" \/>\n<meta property=\"article:modified_time\" content=\"2024-03-26T08:58:35+00:00\" \/>\n<meta property=\"og:image\" content=\"https:\/\/mediumorchid-mantis-114447.hostingersite.com\/psla\/wp-content\/uploads\/2024\/03\/IMG_20230407_183358-scaled.jpg\" \/>\n\t<meta property=\"og:image:width\" content=\"2560\" \/>\n\t<meta property=\"og:image:height\" content=\"1182\" \/>\n\t<meta property=\"og:image:type\" content=\"image\/jpeg\" \/>\n<meta name=\"twitter:card\" content=\"summary_large_image\" \/>\n<meta name=\"twitter:label1\" content=\"Tiempo de lectura\" \/>\n\t<meta name=\"twitter:data1\" content=\"2 minutos\" \/>\n<script type=\"application\/ld+json\" class=\"yoast-schema-graph\">{\"@context\":\"https:\\\/\\\/schema.org\",\"@graph\":[{\"@type\":\"WebPage\",\"@id\":\"https:\\\/\\\/mediumorchid-mantis-114447.hostingersite.com\\\/psla\\\/as\\\/sidracrucis-2024\\\/\",\"url\":\"https:\\\/\\\/mediumorchid-mantis-114447.hostingersite.com\\\/psla\\\/as\\\/sidracrucis-2024\\\/\",\"name\":\"Sidracrucis 2024 -\",\"isPartOf\":{\"@id\":\"https:\\\/\\\/mediumorchid-mantis-114447.hostingersite.com\\\/psla\\\/#website\"},\"primaryImageOfPage\":{\"@id\":\"https:\\\/\\\/mediumorchid-mantis-114447.hostingersite.com\\\/psla\\\/as\\\/sidracrucis-2024\\\/#primaryimage\"},\"image\":{\"@id\":\"https:\\\/\\\/mediumorchid-mantis-114447.hostingersite.com\\\/psla\\\/as\\\/sidracrucis-2024\\\/#primaryimage\"},\"thumbnailUrl\":\"https:\\\/\\\/mediumorchid-mantis-114447.hostingersite.com\\\/psla\\\/wp-content\\\/uploads\\\/2024\\\/03\\\/IMG_20230407_183358-scaled.jpg\",\"datePublished\":\"2024-03-25T11:34:05+00:00\",\"dateModified\":\"2024-03-26T08:58:35+00:00\",\"breadcrumb\":{\"@id\":\"https:\\\/\\\/mediumorchid-mantis-114447.hostingersite.com\\\/psla\\\/as\\\/sidracrucis-2024\\\/#breadcrumb\"},\"inLanguage\":\"es\",\"potentialAction\":[{\"@type\":\"ReadAction\",\"target\":[\"https:\\\/\\\/mediumorchid-mantis-114447.hostingersite.com\\\/psla\\\/as\\\/sidracrucis-2024\\\/\"]}]},{\"@type\":\"ImageObject\",\"inLanguage\":\"es\",\"@id\":\"https:\\\/\\\/mediumorchid-mantis-114447.hostingersite.com\\\/psla\\\/as\\\/sidracrucis-2024\\\/#primaryimage\",\"url\":\"https:\\\/\\\/mediumorchid-mantis-114447.hostingersite.com\\\/psla\\\/wp-content\\\/uploads\\\/2024\\\/03\\\/IMG_20230407_183358-scaled.jpg\",\"contentUrl\":\"https:\\\/\\\/mediumorchid-mantis-114447.hostingersite.com\\\/psla\\\/wp-content\\\/uploads\\\/2024\\\/03\\\/IMG_20230407_183358-scaled.jpg\",\"width\":2560,\"height\":1182},{\"@type\":\"BreadcrumbList\",\"@id\":\"https:\\\/\\\/mediumorchid-mantis-114447.hostingersite.com\\\/psla\\\/as\\\/sidracrucis-2024\\\/#breadcrumb\",\"itemListElement\":[{\"@type\":\"ListItem\",\"position\":1,\"name\":\"Portada\",\"item\":\"https:\\\/\\\/mediumorchid-mantis-114447.hostingersite.com\\\/psla\\\/\"},{\"@type\":\"ListItem\",\"position\":2,\"name\":\"Sidracrucis 2024\"}]},{\"@type\":\"WebSite\",\"@id\":\"https:\\\/\\\/mediumorchid-mantis-114447.hostingersite.com\\\/psla\\\/#website\",\"url\":\"https:\\\/\\\/mediumorchid-mantis-114447.hostingersite.com\\\/psla\\\/\",\"name\":\"\",\"description\":\"\",\"potentialAction\":[{\"@type\":\"SearchAction\",\"target\":{\"@type\":\"EntryPoint\",\"urlTemplate\":\"https:\\\/\\\/mediumorchid-mantis-114447.hostingersite.com\\\/psla\\\/?s={search_term_string}\"},\"query-input\":{\"@type\":\"PropertyValueSpecification\",\"valueRequired\":true,\"valueName\":\"search_term_string\"}}],\"inLanguage\":\"es\"}]}<\/script>\n<!-- \/ Yoast SEO plugin. -->","yoast_head_json":{"title":"Sidracrucis 2024 -","robots":{"index":"index","follow":"follow","max-snippet":"max-snippet:-1","max-image-preview":"max-image-preview:large","max-video-preview":"max-video-preview:-1"},"canonical":"https:\/\/mediumorchid-mantis-114447.hostingersite.com\/psla\/as\/sidracrucis-2024\/","og_locale":"es_ES","og_type":"article","og_title":"Sidracrucis 2024 -","og_description":"El Sidracrucis ye l&#8217;aut\u00e9ntica procesi\u00f3n sidrera, con pinchos pal cuerpu y sidre pal alma. Diez hores sigu\u00edes de folixa sidrera con tresllaos n&#8217;autocar, sidre asgaya, pinchos en ca sidrer\u00eda, espicha final, m\u00fasica&#8217;l pa\u00eds y munches, munches ganes de pasalo bien en bona compa\u00f1\u00eda. &nbsp; INSCRIPCIONES El preciu -tou incluy\u00edu- ye de 75 \u20ac por persona. [&hellip;]","og_url":"https:\/\/mediumorchid-mantis-114447.hostingersite.com\/psla\/as\/sidracrucis-2024\/","article_modified_time":"2024-03-26T08:58:35+00:00","og_image":[{"width":2560,"height":1182,"url":"https:\/\/mediumorchid-mantis-114447.hostingersite.com\/psla\/wp-content\/uploads\/2024\/03\/IMG_20230407_183358-scaled.jpg","type":"image\/jpeg"}],"twitter_card":"summary_large_image","twitter_misc":{"Tiempo de lectura":"2 minutos"},"schema":{"@context":"https:\/\/schema.org","@graph":[{"@type":"WebPage","@id":"https:\/\/mediumorchid-mantis-114447.hostingersite.com\/psla\/as\/sidracrucis-2024\/","url":"https:\/\/mediumorchid-mantis-114447.hostingersite.com\/psla\/as\/sidracrucis-2024\/","name":"Sidracrucis 2024 -","isPartOf":{"@id":"https:\/\/mediumorchid-mantis-114447.hostingersite.com\/psla\/#website"},"primaryImageOfPage":{"@id":"https:\/\/mediumorchid-mantis-114447.hostingersite.com\/psla\/as\/sidracrucis-2024\/#primaryimage"},"image":{"@id":"https:\/\/mediumorchid-mantis-114447.hostingersite.com\/psla\/as\/sidracrucis-2024\/#primaryimage"},"thumbnailUrl":"https:\/\/mediumorchid-mantis-114447.hostingersite.com\/psla\/wp-content\/uploads\/2024\/03\/IMG_20230407_183358-scaled.jpg","datePublished":"2024-03-25T11:34:05+00:00","dateModified":"2024-03-26T08:58:35+00:00","breadcrumb":{"@id":"https:\/\/mediumorchid-mantis-114447.hostingersite.com\/psla\/as\/sidracrucis-2024\/#breadcrumb"},"inLanguage":"es","potentialAction":[{"@type":"ReadAction","target":["https:\/\/mediumorchid-mantis-114447.hostingersite.com\/psla\/as\/sidracrucis-2024\/"]}]},{"@type":"ImageObject","inLanguage":"es","@id":"https:\/\/mediumorchid-mantis-114447.hostingersite.com\/psla\/as\/sidracrucis-2024\/#primaryimage","url":"https:\/\/mediumorchid-mantis-114447.hostingersite.com\/psla\/wp-content\/uploads\/2024\/03\/IMG_20230407_183358-scaled.jpg","contentUrl":"https:\/\/mediumorchid-mantis-114447.hostingersite.com\/psla\/wp-content\/uploads\/2024\/03\/IMG_20230407_183358-scaled.jpg","width":2560,"height":1182},{"@type":"BreadcrumbList","@id":"https:\/\/mediumorchid-mantis-114447.hostingersite.com\/psla\/as\/sidracrucis-2024\/#breadcrumb","itemListElement":[{"@type":"ListItem","position":1,"name":"Portada","item":"https:\/\/mediumorchid-mantis-114447.hostingersite.com\/psla\/"},{"@type":"ListItem","position":2,"name":"Sidracrucis 2024"}]},{"@type":"WebSite","@id":"https:\/\/mediumorchid-mantis-114447.hostingersite.com\/psla\/#website","url":"https:\/\/mediumorchid-mantis-114447.hostingersite.com\/psla\/","name":"","description":"","potentialAction":[{"@type":"SearchAction","target":{"@type":"EntryPoint","urlTemplate":"https:\/\/mediumorchid-mantis-114447.hostingersite.com\/psla\/?s={search_term_string}"},"query-input":{"@type":"PropertyValueSpecification","valueRequired":true,"valueName":"search_term_string"}}],"inLanguage":"es"}]}},"_links":{"self":[{"href":"https:\/\/mediumorchid-mantis-114447.hostingersite.com\/psla\/wp-json\/wp\/v2\/pages\/1013","targetHints":{"allow":["GET"]}}],"collection":[{"href":"https:\/\/mediumorchid-mantis-114447.hostingersite.com\/psla\/wp-json\/wp\/v2\/pages"}],"about":[{"href":"https:\/\/mediumorchid-mantis-114447.hostingersite.com\/psla\/wp-json\/wp\/v2\/types\/page"}],"author":[{"embeddable":true,"href":"https:\/\/mediumorchid-mantis-114447.hostingersite.com\/psla\/wp-json\/wp\/v2\/users\/1"}],"replies":[{"embeddable":true,"href":"https:\/\/mediumorchid-mantis-114447.hostingersite.com\/psla\/wp-json\/wp\/v2\/comments?post=1013"}],"version-history":[{"count":2,"href":"https:\/\/mediumorchid-mantis-114447.hostingersite.com\/psla\/wp-json\/wp\/v2\/pages\/1013\/revisions"}],"predecessor-version":[{"id":1020,"href":"https:\/\/mediumorchid-mantis-114447.hostingersite.com\/psla\/wp-json\/wp\/v2\/pages\/1013\/revisions\/1020"}],"wp:featuredmedia":[{"embeddable":true,"href":"https:\/\/mediumorchid-mantis-114447.hostingersite.com\/psla\/wp-json\/wp\/v2\/media\/143"}],"wp:attachment":[{"href":"https:\/\/mediumorchid-mantis-114447.hostingersite.com\/psla\/wp-json\/wp\/v2\/media?parent=1013"}],"curies":[{"name":"wp","href":"https:\/\/api.w.org\/{rel}","templated":true}]}}