{"id":1018,"date":"2024-03-25T12:58:46","date_gmt":"2024-03-25T11:58:46","guid":{"rendered":"https:\/\/fundacionasturies.org\/psla\/?page_id=1018"},"modified":"2025-04-13T09:31:59","modified_gmt":"2025-04-13T07:31:59","slug":"concursu-meyor-primer-sidre-lanu","status":"publish","type":"page","link":"https:\/\/fundacionasturies.org\/psla\/as\/concursu-meyor-primer-sidre-lanu\/","title":{"rendered":"Concursu Meyor Primer Sidre l&#8217;A\u00f1u"},"content":{"rendered":"<p><img fetchpriority=\"high\" decoding=\"async\" src=\"https:\/\/fundacionasturies.org\/psla\/wp-content\/uploads\/2024\/03\/WhatsApp-Image-2024-03-21-at-08.44.03-1-rotated-e1711035229503.jpeg\" sizes=\"(max-width: 1508px) 100vw, 1508px\" srcset=\"https:\/\/fundacionasturies.org\/psla\/wp-content\/uploads\/2024\/03\/WhatsApp-Image-2024-03-21-at-08.44.03-1-rotated-e1711035229503.jpeg 1508w, https:\/\/fundacionasturies.org\/psla\/wp-content\/uploads\/2024\/03\/WhatsApp-Image-2024-03-21-at-08.44.03-1-rotated-e1711035229503-300x222.jpeg 300w, https:\/\/fundacionasturies.org\/psla\/wp-content\/uploads\/2024\/03\/WhatsApp-Image-2024-03-21-at-08.44.03-1-rotated-e1711035229503-1024x758.jpeg 1024w, https:\/\/fundacionasturies.org\/psla\/wp-content\/uploads\/2024\/03\/WhatsApp-Image-2024-03-21-at-08.44.03-1-rotated-e1711035229503-768x568.jpeg 768w\" alt=\"\" width=\"1508\" height=\"1116\" \/><\/p>\n<p><span style=\"font-size: 14pt;\"><strong>La sidre La Morena<\/strong><\/span><span style=\"font-size: 14pt;\"><strong>, del llagar del mesmu nome, en Viella (Siero) ye la ganadora del Concursu de la Meyor Primer Sidre l\u2019A\u00f1u 2025, convirti\u00e9ndose con ello na sidra oficial d&#8217;esta edici\u00f3n de la Primera Sidre l\u2019A\u00f1u<\/strong><\/span><\/p>\n<p><span style=\"font-size: 14pt;\">Na Primera Sidre l\u2019A\u00f1u esp\u00e9renvos decenes de miles de llitros de sidre de m\u00e1s de cuarenta llagares\u2026 pero un n&#8217;especial va ser l&#8217;encament\u00e1u pa esti a\u00f1u, al ser reconoc\u00edu pol nuesu espertu panel de xuraos como la Meyor Primer Sidre l\u2019A\u00f1u, ello ye, la sidre de mayor calid\u00e1 d&#8217;esta collecha.<\/span><\/p>\n<p><span style=\"font-size: 14pt;\">La selecci\u00f3n realiz\u00f3se d&#8217;ente toles sidres presentaes nuna doble xornada de tasties a ciegues abiertes al p\u00fablicu na Sidrer\u00eda La Montera Picona de Ram\u00f3n. Seis fueron les finalistes que pasaron a la segunda fase:\u00a0 Germ\u00e1n, La Morena, Pi\u00f1era, Prau Monga, Huerces y Cabue\u00f1es. D&#8217;ente elles, la que m\u00e1s puntuaci\u00f3n llogr\u00f3 na final foi\u00a0 <strong>La Morena<\/strong>, siguida de <strong>Prau Monga,\u00a0<\/strong>del llagar Viuda de Angel\u00f3n (Nava) y <strong>Cabue\u00f1es<\/strong> (Xix\u00f3n).<\/span><\/p>\n","protected":false},"excerpt":{"rendered":"<p>La sidre La Morena, del llagar del mesmu nome, en Viella (Siero) ye la ganadora del Concursu de la Meyor Primer Sidre l\u2019A\u00f1u 2025, convirti\u00e9ndose con ello na sidra oficial d&#8217;esta edici\u00f3n de la Primera Sidre l\u2019A\u00f1u Na Primera Sidre l\u2019A\u00f1u esp\u00e9renvos decenes de miles de llitros de sidre de m\u00e1s de cuarenta llagares\u2026 pero [&hellip;]<\/p>\n","protected":false},"author":1,"featured_media":124,"parent":0,"menu_order":0,"comment_status":"closed","ping_status":"closed","template":"elementor_header_footer","meta":{"footnotes":""},"class_list":["post-1018","page","type-page","status-publish","has-post-thumbnail","hentry"],"yoast_head":"<!-- This site is optimized with the Yoast SEO plugin v22.3 - https:\/\/yoast.com\/wordpress\/plugins\/seo\/ -->\n<title>Concursu Meyor Primer Sidre l&#039;A\u00f1u -<\/title>\n<meta name=\"robots\" content=\"index, follow, max-snippet:-1, max-image-preview:large, max-video-preview:-1\" \/>\n<link rel=\"canonical\" href=\"https:\/\/fundacionasturies.org\/psla\/as\/concursu-meyor-primer-sidre-lanu\/\" \/>\n<meta property=\"og:locale\" content=\"es_ES\" \/>\n<meta property=\"og:type\" content=\"article\" \/>\n<meta property=\"og:title\" content=\"Concursu Meyor Primer Sidre l&#039;A\u00f1u -\" \/>\n<meta property=\"og:description\" content=\"La sidre La Morena, del llagar del mesmu nome, en Viella (Siero) ye la ganadora del Concursu de la Meyor Primer Sidre l\u2019A\u00f1u 2025, convirti\u00e9ndose con ello na sidra oficial d&#8217;esta edici\u00f3n de la Primera Sidre l\u2019A\u00f1u Na Primera Sidre l\u2019A\u00f1u esp\u00e9renvos decenes de miles de llitros de sidre de m\u00e1s de cuarenta llagares\u2026 pero [&hellip;]\" \/>\n<meta property=\"og:url\" content=\"https:\/\/fundacionasturies.org\/psla\/as\/concursu-meyor-primer-sidre-lanu\/\" \/>\n<meta property=\"article:modified_time\" content=\"2025-04-13T07:31:59+00:00\" \/>\n<meta property=\"og:image\" content=\"https:\/\/fundacionasturies.org\/psla\/wp-content\/uploads\/2024\/03\/WhatsApp-Image-2024-03-21-at-08.44.03-rotated.jpeg\" \/>\n\t<meta property=\"og:image:width\" content=\"1599\" \/>\n\t<meta property=\"og:image:height\" content=\"1116\" \/>\n\t<meta property=\"og:image:type\" content=\"image\/jpeg\" \/>\n<meta name=\"twitter:card\" content=\"summary_large_image\" \/>\n<meta name=\"twitter:label1\" content=\"Tiempo de lectura\" \/>\n\t<meta name=\"twitter:data1\" content=\"2 minutos\" \/>\n<script type=\"application\/ld+json\" class=\"yoast-schema-graph\">{\"@context\":\"https:\/\/schema.org\",\"@graph\":[{\"@type\":\"WebPage\",\"@id\":\"https:\/\/fundacionasturies.org\/psla\/as\/concursu-meyor-primer-sidre-lanu\/\",\"url\":\"https:\/\/fundacionasturies.org\/psla\/as\/concursu-meyor-primer-sidre-lanu\/\",\"name\":\"Concursu Meyor Primer Sidre l'A\u00f1u -\",\"isPartOf\":{\"@id\":\"https:\/\/fundacionasturies.org\/psla\/#website\"},\"primaryImageOfPage\":{\"@id\":\"https:\/\/fundacionasturies.org\/psla\/as\/concursu-meyor-primer-sidre-lanu\/#primaryimage\"},\"image\":{\"@id\":\"https:\/\/fundacionasturies.org\/psla\/as\/concursu-meyor-primer-sidre-lanu\/#primaryimage\"},\"thumbnailUrl\":\"https:\/\/fundacionasturies.org\/psla\/wp-content\/uploads\/2024\/03\/WhatsApp-Image-2024-03-21-at-08.44.03-rotated.jpeg\",\"datePublished\":\"2024-03-25T11:58:46+00:00\",\"dateModified\":\"2025-04-13T07:31:59+00:00\",\"breadcrumb\":{\"@id\":\"https:\/\/fundacionasturies.org\/psla\/as\/concursu-meyor-primer-sidre-lanu\/#breadcrumb\"},\"inLanguage\":\"es\",\"potentialAction\":[{\"@type\":\"ReadAction\",\"target\":[\"https:\/\/fundacionasturies.org\/psla\/as\/concursu-meyor-primer-sidre-lanu\/\"]}]},{\"@type\":\"ImageObject\",\"inLanguage\":\"es\",\"@id\":\"https:\/\/fundacionasturies.org\/psla\/as\/concursu-meyor-primer-sidre-lanu\/#primaryimage\",\"url\":\"https:\/\/fundacionasturies.org\/psla\/wp-content\/uploads\/2024\/03\/WhatsApp-Image-2024-03-21-at-08.44.03-rotated.jpeg\",\"contentUrl\":\"https:\/\/fundacionasturies.org\/psla\/wp-content\/uploads\/2024\/03\/WhatsApp-Image-2024-03-21-at-08.44.03-rotated.jpeg\",\"width\":1599,\"height\":1116},{\"@type\":\"BreadcrumbList\",\"@id\":\"https:\/\/fundacionasturies.org\/psla\/as\/concursu-meyor-primer-sidre-lanu\/#breadcrumb\",\"itemListElement\":[{\"@type\":\"ListItem\",\"position\":1,\"name\":\"Portada\",\"item\":\"https:\/\/fundacionasturies.org\/psla\/\"},{\"@type\":\"ListItem\",\"position\":2,\"name\":\"Concursu Meyor Primer Sidre l&#8217;A\u00f1u\"}]},{\"@type\":\"WebSite\",\"@id\":\"https:\/\/fundacionasturies.org\/psla\/#website\",\"url\":\"https:\/\/fundacionasturies.org\/psla\/\",\"name\":\"\",\"description\":\"\",\"potentialAction\":[{\"@type\":\"SearchAction\",\"target\":{\"@type\":\"EntryPoint\",\"urlTemplate\":\"https:\/\/fundacionasturies.org\/psla\/?s={search_term_string}\"},\"query-input\":\"required name=search_term_string\"}],\"inLanguage\":\"es\"}]}<\/script>\n<!-- \/ Yoast SEO plugin. -->","yoast_head_json":{"title":"Concursu Meyor Primer Sidre l'A\u00f1u -","robots":{"index":"index","follow":"follow","max-snippet":"max-snippet:-1","max-image-preview":"max-image-preview:large","max-video-preview":"max-video-preview:-1"},"canonical":"https:\/\/fundacionasturies.org\/psla\/as\/concursu-meyor-primer-sidre-lanu\/","og_locale":"es_ES","og_type":"article","og_title":"Concursu Meyor Primer Sidre l'A\u00f1u -","og_description":"La sidre La Morena, del llagar del mesmu nome, en Viella (Siero) ye la ganadora del Concursu de la Meyor Primer Sidre l\u2019A\u00f1u 2025, convirti\u00e9ndose con ello na sidra oficial d&#8217;esta edici\u00f3n de la Primera Sidre l\u2019A\u00f1u Na Primera Sidre l\u2019A\u00f1u esp\u00e9renvos decenes de miles de llitros de sidre de m\u00e1s de cuarenta llagares\u2026 pero [&hellip;]","og_url":"https:\/\/fundacionasturies.org\/psla\/as\/concursu-meyor-primer-sidre-lanu\/","article_modified_time":"2025-04-13T07:31:59+00:00","og_image":[{"width":1599,"height":1116,"url":"https:\/\/fundacionasturies.org\/psla\/wp-content\/uploads\/2024\/03\/WhatsApp-Image-2024-03-21-at-08.44.03-rotated.jpeg","type":"image\/jpeg"}],"twitter_card":"summary_large_image","twitter_misc":{"Tiempo de lectura":"2 minutos"},"schema":{"@context":"https:\/\/schema.org","@graph":[{"@type":"WebPage","@id":"https:\/\/fundacionasturies.org\/psla\/as\/concursu-meyor-primer-sidre-lanu\/","url":"https:\/\/fundacionasturies.org\/psla\/as\/concursu-meyor-primer-sidre-lanu\/","name":"Concursu Meyor Primer Sidre l'A\u00f1u -","isPartOf":{"@id":"https:\/\/fundacionasturies.org\/psla\/#website"},"primaryImageOfPage":{"@id":"https:\/\/fundacionasturies.org\/psla\/as\/concursu-meyor-primer-sidre-lanu\/#primaryimage"},"image":{"@id":"https:\/\/fundacionasturies.org\/psla\/as\/concursu-meyor-primer-sidre-lanu\/#primaryimage"},"thumbnailUrl":"https:\/\/fundacionasturies.org\/psla\/wp-content\/uploads\/2024\/03\/WhatsApp-Image-2024-03-21-at-08.44.03-rotated.jpeg","datePublished":"2024-03-25T11:58:46+00:00","dateModified":"2025-04-13T07:31:59+00:00","breadcrumb":{"@id":"https:\/\/fundacionasturies.org\/psla\/as\/concursu-meyor-primer-sidre-lanu\/#breadcrumb"},"inLanguage":"es","potentialAction":[{"@type":"ReadAction","target":["https:\/\/fundacionasturies.org\/psla\/as\/concursu-meyor-primer-sidre-lanu\/"]}]},{"@type":"ImageObject","inLanguage":"es","@id":"https:\/\/fundacionasturies.org\/psla\/as\/concursu-meyor-primer-sidre-lanu\/#primaryimage","url":"https:\/\/fundacionasturies.org\/psla\/wp-content\/uploads\/2024\/03\/WhatsApp-Image-2024-03-21-at-08.44.03-rotated.jpeg","contentUrl":"https:\/\/fundacionasturies.org\/psla\/wp-content\/uploads\/2024\/03\/WhatsApp-Image-2024-03-21-at-08.44.03-rotated.jpeg","width":1599,"height":1116},{"@type":"BreadcrumbList","@id":"https:\/\/fundacionasturies.org\/psla\/as\/concursu-meyor-primer-sidre-lanu\/#breadcrumb","itemListElement":[{"@type":"ListItem","position":1,"name":"Portada","item":"https:\/\/fundacionasturies.org\/psla\/"},{"@type":"ListItem","position":2,"name":"Concursu Meyor Primer Sidre l&#8217;A\u00f1u"}]},{"@type":"WebSite","@id":"https:\/\/fundacionasturies.org\/psla\/#website","url":"https:\/\/fundacionasturies.org\/psla\/","name":"","description":"","potentialAction":[{"@type":"SearchAction","target":{"@type":"EntryPoint","urlTemplate":"https:\/\/fundacionasturies.org\/psla\/?s={search_term_string}"},"query-input":"required name=search_term_string"}],"inLanguage":"es"}]}},"_links":{"self":[{"href":"https:\/\/fundacionasturies.org\/psla\/wp-json\/wp\/v2\/pages\/1018","targetHints":{"allow":["GET"]}}],"collection":[{"href":"https:\/\/fundacionasturies.org\/psla\/wp-json\/wp\/v2\/pages"}],"about":[{"href":"https:\/\/fundacionasturies.org\/psla\/wp-json\/wp\/v2\/types\/page"}],"author":[{"embeddable":true,"href":"https:\/\/fundacionasturies.org\/psla\/wp-json\/wp\/v2\/users\/1"}],"replies":[{"embeddable":true,"href":"https:\/\/fundacionasturies.org\/psla\/wp-json\/wp\/v2\/comments?post=1018"}],"version-history":[{"count":4,"href":"https:\/\/fundacionasturies.org\/psla\/wp-json\/wp\/v2\/pages\/1018\/revisions"}],"predecessor-version":[{"id":1181,"href":"https:\/\/fundacionasturies.org\/psla\/wp-json\/wp\/v2\/pages\/1018\/revisions\/1181"}],"wp:featuredmedia":[{"embeddable":true,"href":"https:\/\/fundacionasturies.org\/psla\/wp-json\/wp\/v2\/media\/124"}],"wp:attachment":[{"href":"https:\/\/fundacionasturies.org\/psla\/wp-json\/wp\/v2\/media?parent=1018"}],"curies":[{"name":"wp","href":"https:\/\/api.w.org\/{rel}","templated":true}]}}