{"id":1027,"date":"2024-03-25T13:31:58","date_gmt":"2024-03-25T12:31:58","guid":{"rendered":"https:\/\/mediumorchid-mantis-114447.hostingersite.com\/psla\/?page_id=1027"},"modified":"2024-03-27T08:03:12","modified_gmt":"2024-03-27T07:03:12","slug":"programa-xueves","status":"publish","type":"page","link":"https:\/\/mediumorchid-mantis-114447.hostingersite.com\/psla\/as\/programa-xueves\/","title":{"rendered":"Programa Xueves"},"content":{"rendered":"<p><img fetchpriority=\"high\" decoding=\"async\" src=\"https:\/\/mediumorchid-mantis-114447.hostingersite.com\/psla\/wp-content\/uploads\/2024\/03\/Xueves.jpg\" sizes=\"(max-width: 1202px) 100vw, 1202px\" srcset=\"https:\/\/mediumorchid-mantis-114447.hostingersite.com\/psla\/wp-content\/uploads\/2024\/03\/Xueves.jpg 1202w, https:\/\/mediumorchid-mantis-114447.hostingersite.com\/psla\/wp-content\/uploads\/2024\/03\/Xueves-300x198.jpg 300w, https:\/\/mediumorchid-mantis-114447.hostingersite.com\/psla\/wp-content\/uploads\/2024\/03\/Xueves-1024x677.jpg 1024w, https:\/\/mediumorchid-mantis-114447.hostingersite.com\/psla\/wp-content\/uploads\/2024\/03\/Xueves-768x508.jpg 768w\" alt=\"\" width=\"1202\" height=\"795\" \/><\/p>\n<p><span style=\"font-size: 14pt; font-family: georgia, palatino, serif; color: #000000;\">13:00 Inaguraci\u00f3n de la XIV PRIMER SIDRE L\u2019A\u00d1U<\/span><\/p>\n<ul>\n<li><span style=\"font-size: 14pt; font-family: georgia, palatino, serif; color: #000000;\"><a style=\"color: #000000;\" href=\"https:\/\/www.lasidra.as\/es\/carlos-rubiera-sera-el-pregonero-de-la-xiv-primer-sidre-lanu\/\">Preg\u00f3n al cargu de Carlos Rubiera<\/a>, escritor y cantante, autor ente otros munches temes del popular\u00edsimu cantar \u2018La Capitana\u201d<\/span><\/li>\n<li><span style=\"font-size: 14pt; font-family: georgia, palatino, serif; color: #000000;\">Entrega de premios a los llagareros ganadores de la Meyor Primer Sidre L\u2019A\u00f1u, :<\/span>\n<ul>\n<li><span style=\"font-size: 14pt; font-family: georgia, palatino, serif; color: #000000;\"><a style=\"color: #000000;\" href=\"https:\/\/www.lasidra.as\/es\/prado-y-pedregal-sidra-oficial-de-la-primer-sidre-lanu\/\">Meyor PSLA y Sidra oficial de la PSLA: Prado y Pedregal<\/a><\/span><\/li>\n<li><span style=\"font-size: 14pt; font-family: georgia, palatino, serif; color: #000000;\">Segundu clasific\u00e1u: Sidra Pe\u00f1\u00f3n<\/span><\/li>\n<li><span style=\"font-family: georgia, palatino, serif; font-size: 14pt; color: #000000;\"><strong>Tercer clasific\u00e1u: Cabue\u00f1es<\/strong><\/span><\/li>\n<\/ul>\n<\/li>\n<li><span style=\"font-size: 14pt; font-family: georgia, palatino, serif; color: #000000;\"><strong>Cul\u00edn inagura<\/strong>l al cargu de la echaora Alejandra Vanegas<\/span><\/li>\n<li><span style=\"font-size: 14pt; font-family: georgia, palatino, serif; color: #000000;\"><strong>Primer cul\u00edn colectivu<\/strong> con representantes de les principales confrer\u00edes gastron\u00f3miques.<\/span><\/li>\n<li><span style=\"font-size: 14pt; font-family: georgia, palatino, serif; color: #000000;\"><strong>Eshibici\u00f3n d&#8217;echar sidre<\/strong> a cargu de Wilkin Aquiles, campi\u00f3n d&#8217;Echaores de Sidre d&#8217;Asturies 2023 y del equipu d&#8217;echaores de La Montera Picona.<\/span><\/li>\n<\/ul>\n<p><span style=\"font-size: 14pt; font-family: georgia, palatino, serif; color: #000000;\">14:30 a 21:00 h.<\/span><\/p>\n<p><span style=\"font-size: 14pt; font-family: georgia, palatino, serif; color: #000000;\">Banda de Gaites El Gumial<\/span><\/p>\n<p><span style=\"font-size: 14pt; font-family: georgia, palatino, serif; color: #000000;\"><a style=\"color: #000000;\" href=\"https:\/\/mediumorchid-mantis-114447.hostingersite.com\/psla\/actividades-infantiles\/\">Xuegos \u00a0tradicionales pa la reciella<\/a><\/span><\/p>\n<p>&nbsp;<\/p>\n<p><span style=\"font-size: 14pt; font-family: georgia, palatino, serif; color: #000000;\">15:00 h. \u2013 <strong>Tastia guiada de Sidra Prado y Pedrega<\/strong>l. Meyor Primer Sidre L\u2019A\u00f1u y Sidra Oficial de la PSLA, a cargu de Juan Luis Garc\u00eda, profesor de la Escuela d&#8217;Hosteler\u00eda y Turismu de Xix\u00f3n.<\/span><\/p>\n<p><span style=\"font-size: 14pt; font-family: georgia, palatino, serif; color: #000000;\">17:00 h.\u2013 <strong>Taller de facer paxos.<\/strong><\/span><\/p>\n<p><span style=\"font-size: 14pt; font-family: georgia, palatino, serif; color: #000000;\">18:00 &#8211;<strong> Eshibici\u00f3n y taller pr\u00e1cticu d&#8217;echar sidre <\/strong>a cargo de Salvador Ond\u00f3, ex campe\u00f3n d&#8217;Echaores de sidre d&#8217;Asturies.<\/span><\/p>\n<p><span style=\"font-size: 14pt; font-family: georgia, palatino, serif; color: #000000;\">19:00 h.<\/span><\/p>\n<ul>\n<li><span style=\"font-size: 14pt; font-family: georgia, palatino, serif; color: #000000;\">Taller y Concursu infantil d&#8217;echar sidre. Realiz\u00e1u con agua y so supervisi\u00f3n constante de monitores.<\/span><\/li>\n<li><span style=\"font-size: 14pt; font-family: georgia, palatino, serif; color: #000000;\">Tastia guiada de Sidre de la Macaronesia (<a style=\"color: #000000;\" href=\"https:\/\/sidradamadeira.pt\/index.php\/sobre\">IGP sidra da Madeira<\/a>, y sidre de Tenerife y Gran Canaria)\u00a0al cargu de Donato X. Villoria, Xur\u00e1u del SISGA<\/span><\/li>\n<\/ul>\n<p>&nbsp;<\/p>\n<ul>\n<li><span style=\"font-family: georgia, palatino, serif; font-size: 14pt; color: #000000;\"><img decoding=\"async\" class=\"size-medium wp-image-885 aligncenter\" src=\"https:\/\/mediumorchid-mantis-114447.hostingersite.com\/psla\/wp-content\/uploads\/2024\/03\/WhatsApp-Image-2024-03-25-at-07.19.47-300x169.jpeg\" alt=\"\" width=\"300\" height=\"169\" srcset=\"https:\/\/mediumorchid-mantis-114447.hostingersite.com\/psla\/wp-content\/uploads\/2024\/03\/WhatsApp-Image-2024-03-25-at-07.19.47-300x169.jpeg 300w, https:\/\/mediumorchid-mantis-114447.hostingersite.com\/psla\/wp-content\/uploads\/2024\/03\/WhatsApp-Image-2024-03-25-at-07.19.47-1024x576.jpeg 1024w, https:\/\/mediumorchid-mantis-114447.hostingersite.com\/psla\/wp-content\/uploads\/2024\/03\/WhatsApp-Image-2024-03-25-at-07.19.47-768x432.jpeg 768w, https:\/\/mediumorchid-mantis-114447.hostingersite.com\/psla\/wp-content\/uploads\/2024\/03\/WhatsApp-Image-2024-03-25-at-07.19.47-1536x864.jpeg 1536w, https:\/\/mediumorchid-mantis-114447.hostingersite.com\/psla\/wp-content\/uploads\/2024\/03\/WhatsApp-Image-2024-03-25-at-07.19.47.jpeg 1920w\" sizes=\"(max-width: 300px) 100vw, 300px\" \/><\/span><\/li>\n<\/ul>\n<p><span style=\"font-size: 10pt;\">Per otra parte queremos destacar :<\/span><\/p>\n<p><span style=\"font-size: 10pt;\">Ufierta de sidre dolce (ello ye, ensin alcohol)<\/span><\/p>\n<p><span style=\"font-size: 10pt;\">Informaci\u00f3n multilling\u00fce. Ca a\u00f1u ye mayor el n\u00famberu de visitantes foriatos, tanto persones individuales como medios de comunicaci\u00f3n; poro, cuntamos con un equipu d&#8217;atenci\u00f3n que, am\u00e1s del asturianu y l&#8217;espa\u00f1ol, informa n&#8217;ingl\u00e9s, franc\u00e9s, italianu y alem\u00e1n.<\/span><\/p>\n<p><span style=\"font-size: 10pt;\">Men\u00fa vexetarianu. La nuesa magn\u00edfica parrilla cunta, como vien siendo vezu nos \u00faltimos a\u00f1os, con un men\u00fa vexetarianu, dando respuesta asina a una demanda cada vez m\u00e1s xeneralizada ente los asistentes al nuesu eventu.<\/span><\/p>\n<p><span style=\"font-size: 10pt;\">Espaciu Cardioprotex\u00edu. Esti a\u00f1u nuevamente cuntamos col equipamientu necesariu (desfibrilador), y el personal m\u00e9licu cola formaci\u00f3n precisa, p&#8217;atender de manera eficaz una parada cardiaca hasta la llegada de los servicios m\u00e9dicos d&#8217;emerxencia. Con esta midida adelantramos a les disposiciones esistentes pa esti tipu d&#8217;eventos a nivel europ\u00e9u, y apurrimos una segurid\u00e1 a toos los nuesos visitantes.<\/span><\/p>\n<p><span style=\"font-size: 10pt;\">\u00a1Bebi con xac\u00edu!. Anque la llexislaci\u00f3n espa\u00f1ola ent\u00e1 nun lo esixa, asumimos los principios europeos nos que l&#8217;anunciu d&#8217;actividaes rellacionaes con b\u00e9bores alcoh\u00f3liques lleven un llamamientu al so consumu responsable y moderao, de tala forma que el eslogan \u201cBebi con xac\u00edu. Ye la nuesa cultura. Ye la to responsabilid\u00e1\u201d va tar presente en tol eventu, recordando, de cam\u00edn, que la cultura asturiana de la sidra nun ye una cultura de \u201cbotell\u00f3n\u201d, sin\u00f3n de relaciones sociales.<\/span><\/p>\n","protected":false},"excerpt":{"rendered":"<p>13:00 Inaguraci\u00f3n de la XIV PRIMER SIDRE L\u2019A\u00d1U Preg\u00f3n al cargu de Carlos Rubiera, escritor y cantante, autor ente otros munches temes del popular\u00edsimu cantar \u2018La Capitana\u201d Entrega de premios a los llagareros ganadores de la Meyor Primer Sidre L\u2019A\u00f1u, : Meyor PSLA y Sidra oficial de la PSLA: Prado y Pedregal Segundu clasific\u00e1u: Sidra [&hellip;]<\/p>\n","protected":false},"author":1,"featured_media":0,"parent":0,"menu_order":0,"comment_status":"closed","ping_status":"closed","template":"elementor_header_footer","meta":{"zakra_page_container_layout":"customizer","zakra_page_sidebar_layout":"customizer","zakra_remove_content_margin":false,"zakra_sidebar":"customizer","zakra_transparent_header":"customizer","zakra_logo":0,"zakra_main_header_style":"default","zakra_menu_item_color":"","zakra_menu_item_hover_color":"","zakra_menu_item_active_color":"","zakra_menu_active_style":"","zakra_page_header":true,"footnotes":""},"class_list":["post-1027","page","type-page","status-publish","hentry"],"yoast_head":"<!-- This site is optimized with the Yoast SEO plugin v27.5 - https:\/\/yoast.com\/product\/yoast-seo-wordpress\/ -->\n<title>Programa Xueves -<\/title>\n<meta name=\"robots\" content=\"index, follow, max-snippet:-1, max-image-preview:large, max-video-preview:-1\" \/>\n<link rel=\"canonical\" href=\"https:\/\/mediumorchid-mantis-114447.hostingersite.com\/psla\/as\/programa-xueves\/\" \/>\n<meta property=\"og:locale\" content=\"es_ES\" \/>\n<meta property=\"og:type\" content=\"article\" \/>\n<meta property=\"og:title\" content=\"Programa Xueves -\" \/>\n<meta property=\"og:description\" content=\"13:00 Inaguraci\u00f3n de la XIV PRIMER SIDRE L\u2019A\u00d1U Preg\u00f3n al cargu de Carlos Rubiera, escritor y cantante, autor ente otros munches temes del popular\u00edsimu cantar \u2018La Capitana\u201d Entrega de premios a los llagareros ganadores de la Meyor Primer Sidre L\u2019A\u00f1u, : Meyor PSLA y Sidra oficial de la PSLA: Prado y Pedregal Segundu clasific\u00e1u: Sidra [&hellip;]\" \/>\n<meta property=\"og:url\" content=\"https:\/\/mediumorchid-mantis-114447.hostingersite.com\/psla\/as\/programa-xueves\/\" \/>\n<meta property=\"article:modified_time\" content=\"2024-03-27T07:03:12+00:00\" \/>\n<meta property=\"og:image\" content=\"https:\/\/mediumorchid-mantis-114447.hostingersite.com\/psla\/wp-content\/uploads\/2024\/03\/Xueves.jpg\" \/>\n<meta name=\"twitter:card\" content=\"summary_large_image\" \/>\n<meta name=\"twitter:label1\" content=\"Tiempo de lectura\" \/>\n\t<meta name=\"twitter:data1\" content=\"3 minutos\" \/>\n<script type=\"application\/ld+json\" class=\"yoast-schema-graph\">{\"@context\":\"https:\\\/\\\/schema.org\",\"@graph\":[{\"@type\":\"WebPage\",\"@id\":\"https:\\\/\\\/mediumorchid-mantis-114447.hostingersite.com\\\/psla\\\/as\\\/programa-xueves\\\/\",\"url\":\"https:\\\/\\\/mediumorchid-mantis-114447.hostingersite.com\\\/psla\\\/as\\\/programa-xueves\\\/\",\"name\":\"Programa Xueves -\",\"isPartOf\":{\"@id\":\"https:\\\/\\\/mediumorchid-mantis-114447.hostingersite.com\\\/psla\\\/#website\"},\"primaryImageOfPage\":{\"@id\":\"https:\\\/\\\/mediumorchid-mantis-114447.hostingersite.com\\\/psla\\\/as\\\/programa-xueves\\\/#primaryimage\"},\"image\":{\"@id\":\"https:\\\/\\\/mediumorchid-mantis-114447.hostingersite.com\\\/psla\\\/as\\\/programa-xueves\\\/#primaryimage\"},\"thumbnailUrl\":\"https:\\\/\\\/mediumorchid-mantis-114447.hostingersite.com\\\/psla\\\/wp-content\\\/uploads\\\/2024\\\/03\\\/Xueves.jpg\",\"datePublished\":\"2024-03-25T12:31:58+00:00\",\"dateModified\":\"2024-03-27T07:03:12+00:00\",\"breadcrumb\":{\"@id\":\"https:\\\/\\\/mediumorchid-mantis-114447.hostingersite.com\\\/psla\\\/as\\\/programa-xueves\\\/#breadcrumb\"},\"inLanguage\":\"es\",\"potentialAction\":[{\"@type\":\"ReadAction\",\"target\":[\"https:\\\/\\\/mediumorchid-mantis-114447.hostingersite.com\\\/psla\\\/as\\\/programa-xueves\\\/\"]}]},{\"@type\":\"ImageObject\",\"inLanguage\":\"es\",\"@id\":\"https:\\\/\\\/mediumorchid-mantis-114447.hostingersite.com\\\/psla\\\/as\\\/programa-xueves\\\/#primaryimage\",\"url\":\"https:\\\/\\\/mediumorchid-mantis-114447.hostingersite.com\\\/psla\\\/wp-content\\\/uploads\\\/2024\\\/03\\\/Xueves.jpg\",\"contentUrl\":\"https:\\\/\\\/mediumorchid-mantis-114447.hostingersite.com\\\/psla\\\/wp-content\\\/uploads\\\/2024\\\/03\\\/Xueves.jpg\",\"width\":1202,\"height\":795},{\"@type\":\"BreadcrumbList\",\"@id\":\"https:\\\/\\\/mediumorchid-mantis-114447.hostingersite.com\\\/psla\\\/as\\\/programa-xueves\\\/#breadcrumb\",\"itemListElement\":[{\"@type\":\"ListItem\",\"position\":1,\"name\":\"Portada\",\"item\":\"https:\\\/\\\/mediumorchid-mantis-114447.hostingersite.com\\\/psla\\\/\"},{\"@type\":\"ListItem\",\"position\":2,\"name\":\"Programa Xueves\"}]},{\"@type\":\"WebSite\",\"@id\":\"https:\\\/\\\/mediumorchid-mantis-114447.hostingersite.com\\\/psla\\\/#website\",\"url\":\"https:\\\/\\\/mediumorchid-mantis-114447.hostingersite.com\\\/psla\\\/\",\"name\":\"\",\"description\":\"\",\"potentialAction\":[{\"@type\":\"SearchAction\",\"target\":{\"@type\":\"EntryPoint\",\"urlTemplate\":\"https:\\\/\\\/mediumorchid-mantis-114447.hostingersite.com\\\/psla\\\/?s={search_term_string}\"},\"query-input\":{\"@type\":\"PropertyValueSpecification\",\"valueRequired\":true,\"valueName\":\"search_term_string\"}}],\"inLanguage\":\"es\"}]}<\/script>\n<!-- \/ Yoast SEO plugin. -->","yoast_head_json":{"title":"Programa Xueves -","robots":{"index":"index","follow":"follow","max-snippet":"max-snippet:-1","max-image-preview":"max-image-preview:large","max-video-preview":"max-video-preview:-1"},"canonical":"https:\/\/mediumorchid-mantis-114447.hostingersite.com\/psla\/as\/programa-xueves\/","og_locale":"es_ES","og_type":"article","og_title":"Programa Xueves -","og_description":"13:00 Inaguraci\u00f3n de la XIV PRIMER SIDRE L\u2019A\u00d1U Preg\u00f3n al cargu de Carlos Rubiera, escritor y cantante, autor ente otros munches temes del popular\u00edsimu cantar \u2018La Capitana\u201d Entrega de premios a los llagareros ganadores de la Meyor Primer Sidre L\u2019A\u00f1u, : Meyor PSLA y Sidra oficial de la PSLA: Prado y Pedregal Segundu clasific\u00e1u: Sidra [&hellip;]","og_url":"https:\/\/mediumorchid-mantis-114447.hostingersite.com\/psla\/as\/programa-xueves\/","article_modified_time":"2024-03-27T07:03:12+00:00","og_image":[{"url":"https:\/\/mediumorchid-mantis-114447.hostingersite.com\/psla\/wp-content\/uploads\/2024\/03\/Xueves.jpg","type":"","width":"","height":""}],"twitter_card":"summary_large_image","twitter_misc":{"Tiempo de lectura":"3 minutos"},"schema":{"@context":"https:\/\/schema.org","@graph":[{"@type":"WebPage","@id":"https:\/\/mediumorchid-mantis-114447.hostingersite.com\/psla\/as\/programa-xueves\/","url":"https:\/\/mediumorchid-mantis-114447.hostingersite.com\/psla\/as\/programa-xueves\/","name":"Programa Xueves -","isPartOf":{"@id":"https:\/\/mediumorchid-mantis-114447.hostingersite.com\/psla\/#website"},"primaryImageOfPage":{"@id":"https:\/\/mediumorchid-mantis-114447.hostingersite.com\/psla\/as\/programa-xueves\/#primaryimage"},"image":{"@id":"https:\/\/mediumorchid-mantis-114447.hostingersite.com\/psla\/as\/programa-xueves\/#primaryimage"},"thumbnailUrl":"https:\/\/mediumorchid-mantis-114447.hostingersite.com\/psla\/wp-content\/uploads\/2024\/03\/Xueves.jpg","datePublished":"2024-03-25T12:31:58+00:00","dateModified":"2024-03-27T07:03:12+00:00","breadcrumb":{"@id":"https:\/\/mediumorchid-mantis-114447.hostingersite.com\/psla\/as\/programa-xueves\/#breadcrumb"},"inLanguage":"es","potentialAction":[{"@type":"ReadAction","target":["https:\/\/mediumorchid-mantis-114447.hostingersite.com\/psla\/as\/programa-xueves\/"]}]},{"@type":"ImageObject","inLanguage":"es","@id":"https:\/\/mediumorchid-mantis-114447.hostingersite.com\/psla\/as\/programa-xueves\/#primaryimage","url":"https:\/\/mediumorchid-mantis-114447.hostingersite.com\/psla\/wp-content\/uploads\/2024\/03\/Xueves.jpg","contentUrl":"https:\/\/mediumorchid-mantis-114447.hostingersite.com\/psla\/wp-content\/uploads\/2024\/03\/Xueves.jpg","width":1202,"height":795},{"@type":"BreadcrumbList","@id":"https:\/\/mediumorchid-mantis-114447.hostingersite.com\/psla\/as\/programa-xueves\/#breadcrumb","itemListElement":[{"@type":"ListItem","position":1,"name":"Portada","item":"https:\/\/mediumorchid-mantis-114447.hostingersite.com\/psla\/"},{"@type":"ListItem","position":2,"name":"Programa Xueves"}]},{"@type":"WebSite","@id":"https:\/\/mediumorchid-mantis-114447.hostingersite.com\/psla\/#website","url":"https:\/\/mediumorchid-mantis-114447.hostingersite.com\/psla\/","name":"","description":"","potentialAction":[{"@type":"SearchAction","target":{"@type":"EntryPoint","urlTemplate":"https:\/\/mediumorchid-mantis-114447.hostingersite.com\/psla\/?s={search_term_string}"},"query-input":{"@type":"PropertyValueSpecification","valueRequired":true,"valueName":"search_term_string"}}],"inLanguage":"es"}]}},"_links":{"self":[{"href":"https:\/\/mediumorchid-mantis-114447.hostingersite.com\/psla\/wp-json\/wp\/v2\/pages\/1027","targetHints":{"allow":["GET"]}}],"collection":[{"href":"https:\/\/mediumorchid-mantis-114447.hostingersite.com\/psla\/wp-json\/wp\/v2\/pages"}],"about":[{"href":"https:\/\/mediumorchid-mantis-114447.hostingersite.com\/psla\/wp-json\/wp\/v2\/types\/page"}],"author":[{"embeddable":true,"href":"https:\/\/mediumorchid-mantis-114447.hostingersite.com\/psla\/wp-json\/wp\/v2\/users\/1"}],"replies":[{"embeddable":true,"href":"https:\/\/mediumorchid-mantis-114447.hostingersite.com\/psla\/wp-json\/wp\/v2\/comments?post=1027"}],"version-history":[{"count":8,"href":"https:\/\/mediumorchid-mantis-114447.hostingersite.com\/psla\/wp-json\/wp\/v2\/pages\/1027\/revisions"}],"predecessor-version":[{"id":1143,"href":"https:\/\/mediumorchid-mantis-114447.hostingersite.com\/psla\/wp-json\/wp\/v2\/pages\/1027\/revisions\/1143"}],"wp:attachment":[{"href":"https:\/\/mediumorchid-mantis-114447.hostingersite.com\/psla\/wp-json\/wp\/v2\/media?parent=1027"}],"curies":[{"name":"wp","href":"https:\/\/api.w.org\/{rel}","templated":true}]}}