{"id":1031,"date":"2024-03-25T13:35:52","date_gmt":"2024-03-25T12:35:52","guid":{"rendered":"https:\/\/mediumorchid-mantis-114447.hostingersite.com\/psla\/?page_id=1031"},"modified":"2024-03-26T08:34:56","modified_gmt":"2024-03-26T07:34:56","slug":"programa-vienres","status":"publish","type":"page","link":"https:\/\/mediumorchid-mantis-114447.hostingersite.com\/psla\/as\/programa-vienres\/","title":{"rendered":"Programa vienres"},"content":{"rendered":"<p><img fetchpriority=\"high\" decoding=\"async\" src=\"https:\/\/mediumorchid-mantis-114447.hostingersite.com\/psla\/wp-content\/uploads\/2024\/03\/viernes.jpg\" sizes=\"(max-width: 1200px) 100vw, 1200px\" srcset=\"https:\/\/mediumorchid-mantis-114447.hostingersite.com\/psla\/wp-content\/uploads\/2024\/03\/viernes.jpg 1200w, https:\/\/mediumorchid-mantis-114447.hostingersite.com\/psla\/wp-content\/uploads\/2024\/03\/viernes-300x199.jpg 300w, https:\/\/mediumorchid-mantis-114447.hostingersite.com\/psla\/wp-content\/uploads\/2024\/03\/viernes-1024x678.jpg 1024w, https:\/\/mediumorchid-mantis-114447.hostingersite.com\/psla\/wp-content\/uploads\/2024\/03\/viernes-768x509.jpg 768w\" alt=\"\" width=\"1200\" height=\"795\" \/><\/p>\n<ul>\n<li><span style=\"font-size: 14pt;\">12:00 a 21:00 h.<\/span>\n<ul>\n<li><span style=\"font-size: 14pt;\">Banda de Gaites El Gumial<\/span><\/li>\n<li><span style=\"font-size: 14pt;\"><a href=\"https:\/\/mediumorchid-mantis-114447.hostingersite.com\/psla\/actividades-infantiles\/\">Xuegos tradicionales<\/a> pa la reciella<\/span><\/li>\n<\/ul>\n<\/li>\n<\/ul>\n<p>&nbsp;<\/p>\n<p><span style=\"font-size: 14pt;\">13:00 \u2013\u00a0<strong>Tastia guiada de Sidra Cabue\u00f1es<\/strong>. Tercera clasificada nel Concursu Meyor Primer Sidre L\u2019A\u00f1u 2024 a cargu de Juan Luis Garc\u00eda, profesor de la Escuela de Hosteler\u00eda y Turismu de Xix\u00f3n.<\/span><\/p>\n<p><span style=\"font-size: 14pt;\">16:00 &#8211; <strong>Tastia de sidres de xelu y fueu<\/strong> (Viuda de Angel\u00f3n, Riestra, Panizales, Kuartango) a cargu d&#8217;Anzu Fern\u00e1ndez.<\/span><\/p>\n<p><span style=\"font-size: 14pt;\">17:00 \u2013\u00a0<strong>Taller d\u2019echar sidre.<\/strong><\/span><\/p>\n<p><span style=\"font-size: 14pt;\">18:00 \u00a0<strong>Taller y Concursu \u00a0infantil d\u2019echar sidre<\/strong>. Fechu con agua y baxo supervisi\u00f3n constante de los monitores.<\/span><\/p>\n<p><span style=\"font-size: 14pt;\">19:00<strong>\u00a0<a href=\"https:\/\/www.lasidra.as\/concursu-amateur-dechaores\/\">Concursu d\u2019echar sidre p\u2019aficionaos<\/a><\/strong>.Una oportunid\u00e1 pa que los que nun son profesionales del sector pongan a preba les sos habilidaes. Los premios consistir\u00e1n nuna caxa sidre de\u00a0 Prado y Pedregal, del Llagar La Morena, Meyor Primer Sidre L\u2019A\u00f1u 2024 pal primer clasific\u00e1u, una caxa de sidre Pe\u00f1\u00f3n, segunda clasificada na Meyor Primer Sidre L\u2019A\u00f1u 2024, pal segundu y una caxa de sidre Cabue\u00f1es, tercer clasificada na Meyor Primer Sidre L\u2019a\u00f1u 2024 pal terceru.<\/span><\/p>\n<p>&nbsp;<\/p>\n<p>&nbsp;<\/p>\n<p>Per otra parte queremos destacar :<\/p>\n<p>Ufierta de sidre dolce (ello ye, ensin alcohol)<\/p>\n<p>Informaci\u00f3n multilling\u00fce. Ca a\u00f1u ye mayor el n\u00famberu de visitantes foriatos, tanto persones individuales como medios de comunicaci\u00f3n; poro, cuntamos con un equipu d&#8217;atenci\u00f3n que, am\u00e1s del asturianu y l&#8217;espa\u00f1ol, informa n&#8217;ingl\u00e9s, franc\u00e9s, italianu y alem\u00e1n.<\/p>\n<p>Men\u00fa vexetarianu. La nuesa magn\u00edfica parrilla cunta, como vien siendo vezu nos \u00faltimos a\u00f1os, con un men\u00fa vexetarianu, dando respuesta asina a una demanda cada vez m\u00e1s xeneralizada ente los asistentes al nuesu eventu.<\/p>\n<p>Espaciu Cardioprotex\u00edu. Esti a\u00f1u nuevamente cuntamos col equipamientu necesariu (desfibrilador), y el personal m\u00e9licu cola formaci\u00f3n precisa, p&#8217;atender de manera eficaz una parada cardiaca hasta la llegada de los servicios m\u00e9dicos d&#8217;emerxencia. Con esta midida adelantramos a les disposiciones esistentes pa esti tipu d&#8217;eventos a nivel europ\u00e9u, y apurrimos una segurid\u00e1 a toos los nuesos visitantes.<\/p>\n<p>\u00a1Bebi con xac\u00edu!. Anque la llexislaci\u00f3n espa\u00f1ola ent\u00e1 nun lo esixa, asumimos los principios europeos nos que l&#8217;anunciu d&#8217;actividaes rellacionaes con b\u00e9bores alcoh\u00f3liques lleven un llamamientu al so consumu responsable y moderao, de tala forma que el eslogan \u201cBebi con xac\u00edu. Ye la nuesa cultura. Ye la to responsabilid\u00e1\u201d va tar presente en tol eventu, recordando, de cam\u00edn, que la cultura asturiana de la sidra nun ye una cultura de \u201cbotell\u00f3n\u201d, sin\u00f3n de relaciones sociales.<\/p>\n","protected":false},"excerpt":{"rendered":"<p>12:00 a 21:00 h. Banda de Gaites El Gumial Xuegos tradicionales pa la reciella &nbsp; 13:00 \u2013\u00a0Tastia guiada de Sidra Cabue\u00f1es. Tercera clasificada nel Concursu Meyor Primer Sidre L\u2019A\u00f1u 2024 a cargu de Juan Luis Garc\u00eda, profesor de la Escuela de Hosteler\u00eda y Turismu de Xix\u00f3n. 16:00 &#8211; Tastia de sidres de xelu y fueu [&hellip;]<\/p>\n","protected":false},"author":1,"featured_media":0,"parent":0,"menu_order":0,"comment_status":"closed","ping_status":"closed","template":"elementor_header_footer","meta":{"zakra_page_container_layout":"customizer","zakra_page_sidebar_layout":"customizer","zakra_remove_content_margin":false,"zakra_sidebar":"customizer","zakra_transparent_header":"customizer","zakra_logo":0,"zakra_main_header_style":"default","zakra_menu_item_color":"","zakra_menu_item_hover_color":"","zakra_menu_item_active_color":"","zakra_menu_active_style":"","zakra_page_header":true,"footnotes":""},"class_list":["post-1031","page","type-page","status-publish","hentry"],"yoast_head":"<!-- This site is optimized with the Yoast SEO plugin v27.5 - https:\/\/yoast.com\/product\/yoast-seo-wordpress\/ -->\n<title>Programa vienres -<\/title>\n<meta name=\"robots\" content=\"index, follow, max-snippet:-1, max-image-preview:large, max-video-preview:-1\" \/>\n<link rel=\"canonical\" href=\"https:\/\/mediumorchid-mantis-114447.hostingersite.com\/psla\/as\/programa-vienres\/\" \/>\n<meta property=\"og:locale\" content=\"es_ES\" \/>\n<meta property=\"og:type\" content=\"article\" \/>\n<meta property=\"og:title\" content=\"Programa vienres -\" \/>\n<meta property=\"og:description\" content=\"12:00 a 21:00 h. Banda de Gaites El Gumial Xuegos tradicionales pa la reciella &nbsp; 13:00 \u2013\u00a0Tastia guiada de Sidra Cabue\u00f1es. Tercera clasificada nel Concursu Meyor Primer Sidre L\u2019A\u00f1u 2024 a cargu de Juan Luis Garc\u00eda, profesor de la Escuela de Hosteler\u00eda y Turismu de Xix\u00f3n. 16:00 &#8211; Tastia de sidres de xelu y fueu [&hellip;]\" \/>\n<meta property=\"og:url\" content=\"https:\/\/mediumorchid-mantis-114447.hostingersite.com\/psla\/as\/programa-vienres\/\" \/>\n<meta property=\"article:modified_time\" content=\"2024-03-26T07:34:56+00:00\" \/>\n<meta property=\"og:image\" content=\"https:\/\/mediumorchid-mantis-114447.hostingersite.com\/psla\/wp-content\/uploads\/2024\/03\/viernes.jpg\" \/>\n<meta name=\"twitter:card\" content=\"summary_large_image\" \/>\n<meta name=\"twitter:label1\" content=\"Tiempo de lectura\" \/>\n\t<meta name=\"twitter:data1\" content=\"2 minutos\" \/>\n<script type=\"application\/ld+json\" class=\"yoast-schema-graph\">{\"@context\":\"https:\\\/\\\/schema.org\",\"@graph\":[{\"@type\":\"WebPage\",\"@id\":\"https:\\\/\\\/mediumorchid-mantis-114447.hostingersite.com\\\/psla\\\/as\\\/programa-vienres\\\/\",\"url\":\"https:\\\/\\\/mediumorchid-mantis-114447.hostingersite.com\\\/psla\\\/as\\\/programa-vienres\\\/\",\"name\":\"Programa vienres -\",\"isPartOf\":{\"@id\":\"https:\\\/\\\/mediumorchid-mantis-114447.hostingersite.com\\\/psla\\\/#website\"},\"primaryImageOfPage\":{\"@id\":\"https:\\\/\\\/mediumorchid-mantis-114447.hostingersite.com\\\/psla\\\/as\\\/programa-vienres\\\/#primaryimage\"},\"image\":{\"@id\":\"https:\\\/\\\/mediumorchid-mantis-114447.hostingersite.com\\\/psla\\\/as\\\/programa-vienres\\\/#primaryimage\"},\"thumbnailUrl\":\"https:\\\/\\\/mediumorchid-mantis-114447.hostingersite.com\\\/psla\\\/wp-content\\\/uploads\\\/2024\\\/03\\\/viernes.jpg\",\"datePublished\":\"2024-03-25T12:35:52+00:00\",\"dateModified\":\"2024-03-26T07:34:56+00:00\",\"breadcrumb\":{\"@id\":\"https:\\\/\\\/mediumorchid-mantis-114447.hostingersite.com\\\/psla\\\/as\\\/programa-vienres\\\/#breadcrumb\"},\"inLanguage\":\"es\",\"potentialAction\":[{\"@type\":\"ReadAction\",\"target\":[\"https:\\\/\\\/mediumorchid-mantis-114447.hostingersite.com\\\/psla\\\/as\\\/programa-vienres\\\/\"]}]},{\"@type\":\"ImageObject\",\"inLanguage\":\"es\",\"@id\":\"https:\\\/\\\/mediumorchid-mantis-114447.hostingersite.com\\\/psla\\\/as\\\/programa-vienres\\\/#primaryimage\",\"url\":\"https:\\\/\\\/mediumorchid-mantis-114447.hostingersite.com\\\/psla\\\/wp-content\\\/uploads\\\/2024\\\/03\\\/viernes.jpg\",\"contentUrl\":\"https:\\\/\\\/mediumorchid-mantis-114447.hostingersite.com\\\/psla\\\/wp-content\\\/uploads\\\/2024\\\/03\\\/viernes.jpg\",\"width\":1200,\"height\":795},{\"@type\":\"BreadcrumbList\",\"@id\":\"https:\\\/\\\/mediumorchid-mantis-114447.hostingersite.com\\\/psla\\\/as\\\/programa-vienres\\\/#breadcrumb\",\"itemListElement\":[{\"@type\":\"ListItem\",\"position\":1,\"name\":\"Portada\",\"item\":\"https:\\\/\\\/mediumorchid-mantis-114447.hostingersite.com\\\/psla\\\/\"},{\"@type\":\"ListItem\",\"position\":2,\"name\":\"Programa vienres\"}]},{\"@type\":\"WebSite\",\"@id\":\"https:\\\/\\\/mediumorchid-mantis-114447.hostingersite.com\\\/psla\\\/#website\",\"url\":\"https:\\\/\\\/mediumorchid-mantis-114447.hostingersite.com\\\/psla\\\/\",\"name\":\"\",\"description\":\"\",\"potentialAction\":[{\"@type\":\"SearchAction\",\"target\":{\"@type\":\"EntryPoint\",\"urlTemplate\":\"https:\\\/\\\/mediumorchid-mantis-114447.hostingersite.com\\\/psla\\\/?s={search_term_string}\"},\"query-input\":{\"@type\":\"PropertyValueSpecification\",\"valueRequired\":true,\"valueName\":\"search_term_string\"}}],\"inLanguage\":\"es\"}]}<\/script>\n<!-- \/ Yoast SEO plugin. -->","yoast_head_json":{"title":"Programa vienres -","robots":{"index":"index","follow":"follow","max-snippet":"max-snippet:-1","max-image-preview":"max-image-preview:large","max-video-preview":"max-video-preview:-1"},"canonical":"https:\/\/mediumorchid-mantis-114447.hostingersite.com\/psla\/as\/programa-vienres\/","og_locale":"es_ES","og_type":"article","og_title":"Programa vienres -","og_description":"12:00 a 21:00 h. Banda de Gaites El Gumial Xuegos tradicionales pa la reciella &nbsp; 13:00 \u2013\u00a0Tastia guiada de Sidra Cabue\u00f1es. Tercera clasificada nel Concursu Meyor Primer Sidre L\u2019A\u00f1u 2024 a cargu de Juan Luis Garc\u00eda, profesor de la Escuela de Hosteler\u00eda y Turismu de Xix\u00f3n. 16:00 &#8211; Tastia de sidres de xelu y fueu [&hellip;]","og_url":"https:\/\/mediumorchid-mantis-114447.hostingersite.com\/psla\/as\/programa-vienres\/","article_modified_time":"2024-03-26T07:34:56+00:00","og_image":[{"url":"https:\/\/mediumorchid-mantis-114447.hostingersite.com\/psla\/wp-content\/uploads\/2024\/03\/viernes.jpg","type":"","width":"","height":""}],"twitter_card":"summary_large_image","twitter_misc":{"Tiempo de lectura":"2 minutos"},"schema":{"@context":"https:\/\/schema.org","@graph":[{"@type":"WebPage","@id":"https:\/\/mediumorchid-mantis-114447.hostingersite.com\/psla\/as\/programa-vienres\/","url":"https:\/\/mediumorchid-mantis-114447.hostingersite.com\/psla\/as\/programa-vienres\/","name":"Programa vienres -","isPartOf":{"@id":"https:\/\/mediumorchid-mantis-114447.hostingersite.com\/psla\/#website"},"primaryImageOfPage":{"@id":"https:\/\/mediumorchid-mantis-114447.hostingersite.com\/psla\/as\/programa-vienres\/#primaryimage"},"image":{"@id":"https:\/\/mediumorchid-mantis-114447.hostingersite.com\/psla\/as\/programa-vienres\/#primaryimage"},"thumbnailUrl":"https:\/\/mediumorchid-mantis-114447.hostingersite.com\/psla\/wp-content\/uploads\/2024\/03\/viernes.jpg","datePublished":"2024-03-25T12:35:52+00:00","dateModified":"2024-03-26T07:34:56+00:00","breadcrumb":{"@id":"https:\/\/mediumorchid-mantis-114447.hostingersite.com\/psla\/as\/programa-vienres\/#breadcrumb"},"inLanguage":"es","potentialAction":[{"@type":"ReadAction","target":["https:\/\/mediumorchid-mantis-114447.hostingersite.com\/psla\/as\/programa-vienres\/"]}]},{"@type":"ImageObject","inLanguage":"es","@id":"https:\/\/mediumorchid-mantis-114447.hostingersite.com\/psla\/as\/programa-vienres\/#primaryimage","url":"https:\/\/mediumorchid-mantis-114447.hostingersite.com\/psla\/wp-content\/uploads\/2024\/03\/viernes.jpg","contentUrl":"https:\/\/mediumorchid-mantis-114447.hostingersite.com\/psla\/wp-content\/uploads\/2024\/03\/viernes.jpg","width":1200,"height":795},{"@type":"BreadcrumbList","@id":"https:\/\/mediumorchid-mantis-114447.hostingersite.com\/psla\/as\/programa-vienres\/#breadcrumb","itemListElement":[{"@type":"ListItem","position":1,"name":"Portada","item":"https:\/\/mediumorchid-mantis-114447.hostingersite.com\/psla\/"},{"@type":"ListItem","position":2,"name":"Programa vienres"}]},{"@type":"WebSite","@id":"https:\/\/mediumorchid-mantis-114447.hostingersite.com\/psla\/#website","url":"https:\/\/mediumorchid-mantis-114447.hostingersite.com\/psla\/","name":"","description":"","potentialAction":[{"@type":"SearchAction","target":{"@type":"EntryPoint","urlTemplate":"https:\/\/mediumorchid-mantis-114447.hostingersite.com\/psla\/?s={search_term_string}"},"query-input":{"@type":"PropertyValueSpecification","valueRequired":true,"valueName":"search_term_string"}}],"inLanguage":"es"}]}},"_links":{"self":[{"href":"https:\/\/mediumorchid-mantis-114447.hostingersite.com\/psla\/wp-json\/wp\/v2\/pages\/1031","targetHints":{"allow":["GET"]}}],"collection":[{"href":"https:\/\/mediumorchid-mantis-114447.hostingersite.com\/psla\/wp-json\/wp\/v2\/pages"}],"about":[{"href":"https:\/\/mediumorchid-mantis-114447.hostingersite.com\/psla\/wp-json\/wp\/v2\/types\/page"}],"author":[{"embeddable":true,"href":"https:\/\/mediumorchid-mantis-114447.hostingersite.com\/psla\/wp-json\/wp\/v2\/users\/1"}],"replies":[{"embeddable":true,"href":"https:\/\/mediumorchid-mantis-114447.hostingersite.com\/psla\/wp-json\/wp\/v2\/comments?post=1031"}],"version-history":[{"count":4,"href":"https:\/\/mediumorchid-mantis-114447.hostingersite.com\/psla\/wp-json\/wp\/v2\/pages\/1031\/revisions"}],"predecessor-version":[{"id":1051,"href":"https:\/\/mediumorchid-mantis-114447.hostingersite.com\/psla\/wp-json\/wp\/v2\/pages\/1031\/revisions\/1051"}],"wp:attachment":[{"href":"https:\/\/mediumorchid-mantis-114447.hostingersite.com\/psla\/wp-json\/wp\/v2\/media?parent=1031"}],"curies":[{"name":"wp","href":"https:\/\/api.w.org\/{rel}","templated":true}]}}