{"id":1033,"date":"2024-03-25T13:43:16","date_gmt":"2024-03-25T12:43:16","guid":{"rendered":"https:\/\/fundacionasturies.org\/psla\/?page_id=1033"},"modified":"2024-03-26T08:54:13","modified_gmt":"2024-03-26T07:54:13","slug":"programa-sabadu","status":"publish","type":"page","link":"https:\/\/fundacionasturies.org\/psla\/as\/programa-sabadu\/","title":{"rendered":"Programa S\u00e1badu"},"content":{"rendered":"<ul>\n<li><img fetchpriority=\"high\" decoding=\"async\" src=\"https:\/\/fundacionasturies.org\/psla\/wp-content\/uploads\/2024\/03\/sabadu.jpg\" sizes=\"(max-width: 1200px) 100vw, 1200px\" srcset=\"https:\/\/fundacionasturies.org\/psla\/wp-content\/uploads\/2024\/03\/sabadu.jpg 1200w, https:\/\/fundacionasturies.org\/psla\/wp-content\/uploads\/2024\/03\/sabadu-300x199.jpg 300w, https:\/\/fundacionasturies.org\/psla\/wp-content\/uploads\/2024\/03\/sabadu-1024x678.jpg 1024w, https:\/\/fundacionasturies.org\/psla\/wp-content\/uploads\/2024\/03\/sabadu-768x509.jpg 768w\" alt=\"\" width=\"1200\" height=\"795\" \/><\/li>\n<li><\/li>\n<li>12:00 a 21:00 h.<br \/>\nBanda de Gaites El Gumial<br \/>\n<strong>Xuegos tradicionales<\/strong> pa la reciella<\/li>\n<li><\/li>\n<li>13:00 h. \u2013 <strong>Tastia guiada<\/strong> de Sidra Cabue\u00f1es. Tercer clasificada nel Concursu Meyor Primer Sidre L\u2019A\u00f1u 2024, a cargu de Juan Luis Garc\u00eda, profesor de la Escuela d&#8217;Hosteler\u00eda y Turismu de Xix\u00f3n.16:00 h. \u2013 <strong>Tastia guiada<\/strong> de Sidres de Letonia (<strong><a href=\"https:\/\/www.mrplume.lv\/aboutus\/\">Mr. Plume<\/a>) <\/strong>y Francia (<strong><a href=\"https:\/\/www.domainedelamare.com\/\">Domain de La Mare<\/a><\/strong>) al cargu de Donato X.Villoria, xur\u00e1u del SISGA.<\/li>\n<li><\/li>\n<li><strong><img decoding=\"async\" class=\"wp-image-883 alignleft\" src=\"https:\/\/fundacionasturies.org\/psla\/wp-content\/uploads\/2024\/03\/WhatsApp-Image-2024-03-25-at-07.19.48-300x169.jpeg\" sizes=\"(max-width: 226px) 100vw, 226px\" srcset=\"https:\/\/fundacionasturies.org\/psla\/wp-content\/uploads\/2024\/03\/WhatsApp-Image-2024-03-25-at-07.19.48-300x169.jpeg 300w, https:\/\/fundacionasturies.org\/psla\/wp-content\/uploads\/2024\/03\/WhatsApp-Image-2024-03-25-at-07.19.48-1024x576.jpeg 1024w, https:\/\/fundacionasturies.org\/psla\/wp-content\/uploads\/2024\/03\/WhatsApp-Image-2024-03-25-at-07.19.48-768x432.jpeg 768w, https:\/\/fundacionasturies.org\/psla\/wp-content\/uploads\/2024\/03\/WhatsApp-Image-2024-03-25-at-07.19.48-1536x864.jpeg 1536w, https:\/\/fundacionasturies.org\/psla\/wp-content\/uploads\/2024\/03\/WhatsApp-Image-2024-03-25-at-07.19.48.jpeg 1920w\" alt=\"\" width=\"226\" height=\"127\" \/><\/strong><br \/>\n<strong><img decoding=\"async\" class=\"wp-image-882 aligncenter\" src=\"https:\/\/fundacionasturies.org\/psla\/wp-content\/uploads\/2024\/03\/WhatsApp-Image-2024-03-25-at-07.19.48-1-300x169.jpeg\" sizes=\"(max-width: 227px) 100vw, 227px\" srcset=\"https:\/\/fundacionasturies.org\/psla\/wp-content\/uploads\/2024\/03\/WhatsApp-Image-2024-03-25-at-07.19.48-1-300x169.jpeg 300w, https:\/\/fundacionasturies.org\/psla\/wp-content\/uploads\/2024\/03\/WhatsApp-Image-2024-03-25-at-07.19.48-1-1024x576.jpeg 1024w, https:\/\/fundacionasturies.org\/psla\/wp-content\/uploads\/2024\/03\/WhatsApp-Image-2024-03-25-at-07.19.48-1-768x432.jpeg 768w, https:\/\/fundacionasturies.org\/psla\/wp-content\/uploads\/2024\/03\/WhatsApp-Image-2024-03-25-at-07.19.48-1-1536x864.jpeg 1536w, https:\/\/fundacionasturies.org\/psla\/wp-content\/uploads\/2024\/03\/WhatsApp-Image-2024-03-25-at-07.19.48-1.jpeg 1920w\" alt=\"\" width=\"227\" height=\"128\" \/><\/strong><br \/>\n17:00 h. \u2013 <strong>Taller d&#8217;echar sidre.<\/strong>18:00 h. <strong>Taller y Concursu infantil d&#8217;echar sidre<\/strong>. Realiz\u00e1u con agua y so supervisi\u00f3n constante de los monitores.<\/li>\n<li>19:00 h. <strong><a href=\"https:\/\/www.lasidra.as\/concursu-amateur-dechaores\/\">Concursu d\u2019echar sidre p\u2019aficionaos<\/a><\/strong>.Una oportunid\u00e1 pa que los que nun son profesionales del sector pongan a preba les sos habilidaes. Los premios consistir\u00e1n nuna caxa sidre de\u00a0 Prado y Pedregal, del Llagar La Morena, Meyor Primer Sidre L\u2019A\u00f1u 2024 pal primer clasific\u00e1u, una caxa de sidre Pe\u00f1\u00f3n, segunda clasificada na Meyor Primer Sidre L\u2019A\u00f1u 2024, pal segundu y una caxa de sidre Cabue\u00f1es, tercer clasificada na Meyor Primer Sidre L\u2019a\u00f1u 2024 pal terceru.<strong>.<\/strong>Per otra parte queremos destacar :\n<p>Ufierta de sidre dolce (ello ye, ensin alcohol)<\/p>\n<p>Informaci\u00f3n multilling\u00fce. Ca a\u00f1u ye mayor el n\u00famberu de visitantes foriatos, tanto persones individuales como medios de comunicaci\u00f3n; poro, cuntamos con un equipu d&#8217;atenci\u00f3n que, am\u00e1s del asturianu y l&#8217;espa\u00f1ol, informa n&#8217;ingl\u00e9s, franc\u00e9s, italianu y alem\u00e1n.<\/p>\n<p>Men\u00fa vexetarianu. La nuesa magn\u00edfica parrilla cunta, como vien siendo vezu nos \u00faltimos a\u00f1os, con un men\u00fa vexetarianu, dando respuesta asina a una demanda cada vez m\u00e1s xeneralizada ente los asistentes al nuesu eventu.<\/p>\n<p>Espaciu Cardioprotex\u00edu. Esti a\u00f1u nuevamente cuntamos col equipamientu necesariu (desfibrilador), y el personal m\u00e9licu cola formaci\u00f3n precisa, p&#8217;atender de manera eficaz una parada cardiaca hasta la llegada de los servicios m\u00e9dicos d&#8217;emerxencia. Con esta midida adelantramos a les disposiciones esistentes pa esti tipu d&#8217;eventos a nivel europ\u00e9u, y apurrimos una segurid\u00e1 a toos los nuesos visitantes.<\/p>\n<p>\u00a1Bebi con xac\u00edu!. Anque la llexislaci\u00f3n espa\u00f1ola ent\u00e1 nun lo esixa, asumimos los principios europeos nos que l&#8217;anunciu d&#8217;actividaes rellacionaes con b\u00e9bores alcoh\u00f3liques lleven un llamamientu al so consumu responsable y moderao, de tala forma que el eslogan \u201cBebi con xac\u00edu. Ye la nuesa cultura. Ye la to responsabilid\u00e1\u201d va tar presente en tol eventu, recordando, de cam\u00edn, que la cultura asturiana de la sidra nun ye una cultura de \u201cbotell\u00f3n\u201d, sin\u00f3n de relaciones sociales.<\/li>\n<\/ul>\n<p>&nbsp;<\/p>\n","protected":false},"excerpt":{"rendered":"<p>12:00 a 21:00 h. Banda de Gaites El Gumial Xuegos tradicionales pa la reciella 13:00 h. \u2013 Tastia guiada de Sidra Cabue\u00f1es. Tercer clasificada nel Concursu Meyor Primer Sidre L\u2019A\u00f1u 2024, a cargu de Juan Luis Garc\u00eda, profesor de la Escuela d&#8217;Hosteler\u00eda y Turismu de Xix\u00f3n.16:00 h. \u2013 Tastia guiada de Sidres de Letonia (Mr. [&hellip;]<\/p>\n","protected":false},"author":1,"featured_media":0,"parent":0,"menu_order":0,"comment_status":"closed","ping_status":"closed","template":"elementor_header_footer","meta":{"footnotes":""},"class_list":["post-1033","page","type-page","status-publish","hentry"],"yoast_head":"<!-- This site is optimized with the Yoast SEO plugin v22.3 - https:\/\/yoast.com\/wordpress\/plugins\/seo\/ -->\n<title>Programa S\u00e1badu -<\/title>\n<meta name=\"robots\" content=\"index, follow, max-snippet:-1, max-image-preview:large, max-video-preview:-1\" \/>\n<link rel=\"canonical\" href=\"https:\/\/fundacionasturies.org\/psla\/as\/programa-sabadu\/\" \/>\n<meta property=\"og:locale\" content=\"es_ES\" \/>\n<meta property=\"og:type\" content=\"article\" \/>\n<meta property=\"og:title\" content=\"Programa S\u00e1badu -\" \/>\n<meta property=\"og:description\" content=\"12:00 a 21:00 h. Banda de Gaites El Gumial Xuegos tradicionales pa la reciella 13:00 h. \u2013 Tastia guiada de Sidra Cabue\u00f1es. Tercer clasificada nel Concursu Meyor Primer Sidre L\u2019A\u00f1u 2024, a cargu de Juan Luis Garc\u00eda, profesor de la Escuela d&#8217;Hosteler\u00eda y Turismu de Xix\u00f3n.16:00 h. \u2013 Tastia guiada de Sidres de Letonia (Mr. [&hellip;]\" \/>\n<meta property=\"og:url\" content=\"https:\/\/fundacionasturies.org\/psla\/as\/programa-sabadu\/\" \/>\n<meta property=\"article:modified_time\" content=\"2024-03-26T07:54:13+00:00\" \/>\n<meta property=\"og:image\" content=\"https:\/\/fundacionasturies.org\/psla\/wp-content\/uploads\/2024\/03\/sabadu.jpg\" \/>\n<meta name=\"twitter:card\" content=\"summary_large_image\" \/>\n<meta name=\"twitter:label1\" content=\"Tiempo de lectura\" \/>\n\t<meta name=\"twitter:data1\" content=\"2 minutos\" \/>\n<script type=\"application\/ld+json\" class=\"yoast-schema-graph\">{\"@context\":\"https:\/\/schema.org\",\"@graph\":[{\"@type\":\"WebPage\",\"@id\":\"https:\/\/fundacionasturies.org\/psla\/as\/programa-sabadu\/\",\"url\":\"https:\/\/fundacionasturies.org\/psla\/as\/programa-sabadu\/\",\"name\":\"Programa S\u00e1badu -\",\"isPartOf\":{\"@id\":\"https:\/\/fundacionasturies.org\/psla\/#website\"},\"primaryImageOfPage\":{\"@id\":\"https:\/\/fundacionasturies.org\/psla\/as\/programa-sabadu\/#primaryimage\"},\"image\":{\"@id\":\"https:\/\/fundacionasturies.org\/psla\/as\/programa-sabadu\/#primaryimage\"},\"thumbnailUrl\":\"https:\/\/fundacionasturies.org\/psla\/wp-content\/uploads\/2024\/03\/sabadu.jpg\",\"datePublished\":\"2024-03-25T12:43:16+00:00\",\"dateModified\":\"2024-03-26T07:54:13+00:00\",\"breadcrumb\":{\"@id\":\"https:\/\/fundacionasturies.org\/psla\/as\/programa-sabadu\/#breadcrumb\"},\"inLanguage\":\"es\",\"potentialAction\":[{\"@type\":\"ReadAction\",\"target\":[\"https:\/\/fundacionasturies.org\/psla\/as\/programa-sabadu\/\"]}]},{\"@type\":\"ImageObject\",\"inLanguage\":\"es\",\"@id\":\"https:\/\/fundacionasturies.org\/psla\/as\/programa-sabadu\/#primaryimage\",\"url\":\"https:\/\/fundacionasturies.org\/psla\/wp-content\/uploads\/2024\/03\/sabadu.jpg\",\"contentUrl\":\"https:\/\/fundacionasturies.org\/psla\/wp-content\/uploads\/2024\/03\/sabadu.jpg\",\"width\":1200,\"height\":795},{\"@type\":\"BreadcrumbList\",\"@id\":\"https:\/\/fundacionasturies.org\/psla\/as\/programa-sabadu\/#breadcrumb\",\"itemListElement\":[{\"@type\":\"ListItem\",\"position\":1,\"name\":\"Portada\",\"item\":\"https:\/\/fundacionasturies.org\/psla\/\"},{\"@type\":\"ListItem\",\"position\":2,\"name\":\"Programa S\u00e1badu\"}]},{\"@type\":\"WebSite\",\"@id\":\"https:\/\/fundacionasturies.org\/psla\/#website\",\"url\":\"https:\/\/fundacionasturies.org\/psla\/\",\"name\":\"\",\"description\":\"\",\"potentialAction\":[{\"@type\":\"SearchAction\",\"target\":{\"@type\":\"EntryPoint\",\"urlTemplate\":\"https:\/\/fundacionasturies.org\/psla\/?s={search_term_string}\"},\"query-input\":\"required name=search_term_string\"}],\"inLanguage\":\"es\"}]}<\/script>\n<!-- \/ Yoast SEO plugin. -->","yoast_head_json":{"title":"Programa S\u00e1badu -","robots":{"index":"index","follow":"follow","max-snippet":"max-snippet:-1","max-image-preview":"max-image-preview:large","max-video-preview":"max-video-preview:-1"},"canonical":"https:\/\/fundacionasturies.org\/psla\/as\/programa-sabadu\/","og_locale":"es_ES","og_type":"article","og_title":"Programa S\u00e1badu -","og_description":"12:00 a 21:00 h. Banda de Gaites El Gumial Xuegos tradicionales pa la reciella 13:00 h. \u2013 Tastia guiada de Sidra Cabue\u00f1es. Tercer clasificada nel Concursu Meyor Primer Sidre L\u2019A\u00f1u 2024, a cargu de Juan Luis Garc\u00eda, profesor de la Escuela d&#8217;Hosteler\u00eda y Turismu de Xix\u00f3n.16:00 h. \u2013 Tastia guiada de Sidres de Letonia (Mr. [&hellip;]","og_url":"https:\/\/fundacionasturies.org\/psla\/as\/programa-sabadu\/","article_modified_time":"2024-03-26T07:54:13+00:00","og_image":[{"url":"https:\/\/fundacionasturies.org\/psla\/wp-content\/uploads\/2024\/03\/sabadu.jpg"}],"twitter_card":"summary_large_image","twitter_misc":{"Tiempo de lectura":"2 minutos"},"schema":{"@context":"https:\/\/schema.org","@graph":[{"@type":"WebPage","@id":"https:\/\/fundacionasturies.org\/psla\/as\/programa-sabadu\/","url":"https:\/\/fundacionasturies.org\/psla\/as\/programa-sabadu\/","name":"Programa S\u00e1badu -","isPartOf":{"@id":"https:\/\/fundacionasturies.org\/psla\/#website"},"primaryImageOfPage":{"@id":"https:\/\/fundacionasturies.org\/psla\/as\/programa-sabadu\/#primaryimage"},"image":{"@id":"https:\/\/fundacionasturies.org\/psla\/as\/programa-sabadu\/#primaryimage"},"thumbnailUrl":"https:\/\/fundacionasturies.org\/psla\/wp-content\/uploads\/2024\/03\/sabadu.jpg","datePublished":"2024-03-25T12:43:16+00:00","dateModified":"2024-03-26T07:54:13+00:00","breadcrumb":{"@id":"https:\/\/fundacionasturies.org\/psla\/as\/programa-sabadu\/#breadcrumb"},"inLanguage":"es","potentialAction":[{"@type":"ReadAction","target":["https:\/\/fundacionasturies.org\/psla\/as\/programa-sabadu\/"]}]},{"@type":"ImageObject","inLanguage":"es","@id":"https:\/\/fundacionasturies.org\/psla\/as\/programa-sabadu\/#primaryimage","url":"https:\/\/fundacionasturies.org\/psla\/wp-content\/uploads\/2024\/03\/sabadu.jpg","contentUrl":"https:\/\/fundacionasturies.org\/psla\/wp-content\/uploads\/2024\/03\/sabadu.jpg","width":1200,"height":795},{"@type":"BreadcrumbList","@id":"https:\/\/fundacionasturies.org\/psla\/as\/programa-sabadu\/#breadcrumb","itemListElement":[{"@type":"ListItem","position":1,"name":"Portada","item":"https:\/\/fundacionasturies.org\/psla\/"},{"@type":"ListItem","position":2,"name":"Programa S\u00e1badu"}]},{"@type":"WebSite","@id":"https:\/\/fundacionasturies.org\/psla\/#website","url":"https:\/\/fundacionasturies.org\/psla\/","name":"","description":"","potentialAction":[{"@type":"SearchAction","target":{"@type":"EntryPoint","urlTemplate":"https:\/\/fundacionasturies.org\/psla\/?s={search_term_string}"},"query-input":"required name=search_term_string"}],"inLanguage":"es"}]}},"_links":{"self":[{"href":"https:\/\/fundacionasturies.org\/psla\/wp-json\/wp\/v2\/pages\/1033","targetHints":{"allow":["GET"]}}],"collection":[{"href":"https:\/\/fundacionasturies.org\/psla\/wp-json\/wp\/v2\/pages"}],"about":[{"href":"https:\/\/fundacionasturies.org\/psla\/wp-json\/wp\/v2\/types\/page"}],"author":[{"embeddable":true,"href":"https:\/\/fundacionasturies.org\/psla\/wp-json\/wp\/v2\/users\/1"}],"replies":[{"embeddable":true,"href":"https:\/\/fundacionasturies.org\/psla\/wp-json\/wp\/v2\/comments?post=1033"}],"version-history":[{"count":6,"href":"https:\/\/fundacionasturies.org\/psla\/wp-json\/wp\/v2\/pages\/1033\/revisions"}],"predecessor-version":[{"id":1080,"href":"https:\/\/fundacionasturies.org\/psla\/wp-json\/wp\/v2\/pages\/1033\/revisions\/1080"}],"wp:attachment":[{"href":"https:\/\/fundacionasturies.org\/psla\/wp-json\/wp\/v2\/media?parent=1033"}],"curies":[{"name":"wp","href":"https:\/\/api.w.org\/{rel}","templated":true}]}}