{"id":1038,"date":"2024-03-25T13:50:25","date_gmt":"2024-03-25T12:50:25","guid":{"rendered":"https:\/\/fundacionasturies.org\/psla\/?page_id=1038"},"modified":"2024-03-26T08:32:58","modified_gmt":"2024-03-26T07:32:58","slug":"programa-domingu","status":"publish","type":"page","link":"https:\/\/fundacionasturies.org\/psla\/as\/programa-domingu\/","title":{"rendered":"Programa Domingu"},"content":{"rendered":"<p><img fetchpriority=\"high\" decoding=\"async\" src=\"https:\/\/fundacionasturies.org\/psla\/wp-content\/uploads\/2024\/03\/domingo.jpg\" sizes=\"(max-width: 1200px) 100vw, 1200px\" srcset=\"https:\/\/fundacionasturies.org\/psla\/wp-content\/uploads\/2024\/03\/domingo.jpg 1200w, https:\/\/fundacionasturies.org\/psla\/wp-content\/uploads\/2024\/03\/domingo-300x199.jpg 300w, https:\/\/fundacionasturies.org\/psla\/wp-content\/uploads\/2024\/03\/domingo-1024x678.jpg 1024w, https:\/\/fundacionasturies.org\/psla\/wp-content\/uploads\/2024\/03\/domingo-768x509.jpg 768w\" alt=\"\" width=\"1200\" height=\"795\" \/><\/p>\n<ul>\n<li><span style=\"font-size: 14pt;\">12:00 a 18:00 h.<\/span><\/li>\n<\/ul>\n<p><span style=\"font-size: 14pt;\">\u00a0 \u00a0 Banda de Gaites El Gumial<\/span><\/p>\n<p><a href=\"https:\/\/fundacionasturies.org\/psla\/actividades-infantiles\/\"><span style=\"font-size: 14pt;\">\u00a0 \u00a0 Xuegos tradicionales pa la reciella<\/span><\/a><\/p>\n<p>&nbsp;<\/p>\n<ul>\n<li><span style=\"font-size: 14pt;\">13:30 h. <a href=\"https:\/\/www.lasidra.as\/es\/concurso-de-sidra-casera-hecha-en-madera\/\"><strong>Concursu de Sidra Casero fecha en madera.<\/strong><\/a><\/span><\/li>\n<\/ul>\n<p><span style=\"font-size: 14pt;\">\u00a0 \u00a0 \u00a0Concursu pa aficionaos, \u00fanicu na so especialid\u00e1 y col que pretende potenciase l&#8217;usu\u00a0 \u00a0 \u00a0 tradicional de los toneles de madera na ellaboraci\u00f3n de sidra a nivel amater.<\/span><\/p>\n<ul>\n<li><span style=\"font-size: 14pt;\">14:00 <strong>Mayada<\/strong>. Ellaboraci\u00f3n tradicional de sidre polos m\u00e1s pequenos, con mayos de madera y un peque\u00f1u llagar\u00edn. Dende&#8217;l procesu d&#8217;escoyer la fruta al puntu final de tastiar la sidre\u2019l duernu<\/span><\/li>\n<li><\/li>\n<li><span style=\"font-size: 14pt;\">15:00 h.<strong> Entrega premios<\/strong> de Sidre Casero fecho en maera, y degustaci\u00f3n de les sidres presentaes a concursu<\/span><\/li>\n<li><\/li>\n<li><span style=\"font-size: 14pt;\">16:00 Tastia de sidre con espolleta Riestra y Prau Monga a cargu d&#8217;Anzu Fern\u00e1ndez.<\/span><\/li>\n<\/ul>\n<p>&nbsp;<\/p>\n<p>Per otra parte queremos destacar :<\/p>\n<p>Ufierta de sidre dolce (ello ye, ensin alcohol)<\/p>\n<p>Informaci\u00f3n multilling\u00fce. Ca a\u00f1u ye mayor el n\u00famberu de visitantes foriatos, tanto persones individuales como medios de comunicaci\u00f3n; poro, cuntamos con un equipu d&#8217;atenci\u00f3n que, am\u00e1s del asturianu y l&#8217;espa\u00f1ol, informa n&#8217;ingl\u00e9s, franc\u00e9s, italianu y alem\u00e1n.<\/p>\n<p>Men\u00fa vexetarianu. La nuesa magn\u00edfica parrilla cunta, como vien siendo vezu nos \u00faltimos a\u00f1os, con un men\u00fa vexetarianu, dando respuesta asina a una demanda cada vez m\u00e1s xeneralizada ente los asistentes al nuesu eventu.<\/p>\n<p>Espaciu Cardioprotex\u00edu. Esti a\u00f1u nuevamente cuntamos col equipamientu necesariu (desfibrilador), y el personal m\u00e9licu cola formaci\u00f3n precisa, p&#8217;atender de manera eficaz una parada cardiaca hasta la llegada de los servicios m\u00e9dicos d&#8217;emerxencia. Con esta midida adelantramos a les disposiciones esistentes pa esti tipu d&#8217;eventos a nivel europ\u00e9u, y apurrimos una segurid\u00e1 a toos los nuesos visitantes.<\/p>\n<p>\u00a1Bebi con xac\u00edu!. Anque la llexislaci\u00f3n espa\u00f1ola ent\u00e1 nun lo esixa, asumimos los principios europeos nos que l&#8217;anunciu d&#8217;actividaes rellacionaes con b\u00e9bores alcoh\u00f3liques lleven un llamamientu al so consumu responsable y moderao, de tala forma que el eslogan \u201cBebi con xac\u00edu. Ye la nuesa cultura. Ye la to responsabilid\u00e1\u201d va tar presente en tol eventu, recordando, de cam\u00edn, que la cultura asturiana de la sidra nun ye una cultura de \u201cbotell\u00f3n\u201d, sin\u00f3n de relaciones sociales.<\/p>\n","protected":false},"excerpt":{"rendered":"<p>12:00 a 18:00 h. \u00a0 \u00a0 Banda de Gaites El Gumial \u00a0 \u00a0 Xuegos tradicionales pa la reciella &nbsp; 13:30 h. Concursu de Sidra Casero fecha en madera. \u00a0 \u00a0 \u00a0Concursu pa aficionaos, \u00fanicu na so especialid\u00e1 y col que pretende potenciase l&#8217;usu\u00a0 \u00a0 \u00a0 tradicional de los toneles de madera na ellaboraci\u00f3n de sidra [&hellip;]<\/p>\n","protected":false},"author":1,"featured_media":214,"parent":0,"menu_order":0,"comment_status":"closed","ping_status":"closed","template":"elementor_header_footer","meta":{"footnotes":""},"class_list":["post-1038","page","type-page","status-publish","has-post-thumbnail","hentry"],"yoast_head":"<!-- This site is optimized with the Yoast SEO plugin v22.3 - https:\/\/yoast.com\/wordpress\/plugins\/seo\/ -->\n<title>Programa Domingu -<\/title>\n<meta name=\"robots\" content=\"index, follow, max-snippet:-1, max-image-preview:large, max-video-preview:-1\" \/>\n<link rel=\"canonical\" href=\"https:\/\/fundacionasturies.org\/psla\/as\/programa-domingu\/\" \/>\n<meta property=\"og:locale\" content=\"es_ES\" \/>\n<meta property=\"og:type\" content=\"article\" \/>\n<meta property=\"og:title\" content=\"Programa Domingu -\" \/>\n<meta property=\"og:description\" content=\"12:00 a 18:00 h. \u00a0 \u00a0 Banda de Gaites El Gumial \u00a0 \u00a0 Xuegos tradicionales pa la reciella &nbsp; 13:30 h. Concursu de Sidra Casero fecha en madera. \u00a0 \u00a0 \u00a0Concursu pa aficionaos, \u00fanicu na so especialid\u00e1 y col que pretende potenciase l&#8217;usu\u00a0 \u00a0 \u00a0 tradicional de los toneles de madera na ellaboraci\u00f3n de sidra [&hellip;]\" \/>\n<meta property=\"og:url\" content=\"https:\/\/fundacionasturies.org\/psla\/as\/programa-domingu\/\" \/>\n<meta property=\"article:modified_time\" content=\"2024-03-26T07:32:58+00:00\" \/>\n<meta property=\"og:image\" content=\"https:\/\/fundacionasturies.org\/psla\/wp-content\/uploads\/2024\/03\/cropped-IGP2215-anikina.jpg\" \/>\n\t<meta property=\"og:image:width\" content=\"1499\" \/>\n\t<meta property=\"og:image:height\" content=\"500\" \/>\n\t<meta property=\"og:image:type\" content=\"image\/jpeg\" \/>\n<meta name=\"twitter:card\" content=\"summary_large_image\" \/>\n<meta name=\"twitter:label1\" content=\"Tiempo de lectura\" \/>\n\t<meta name=\"twitter:data1\" content=\"2 minutos\" \/>\n<script type=\"application\/ld+json\" class=\"yoast-schema-graph\">{\"@context\":\"https:\/\/schema.org\",\"@graph\":[{\"@type\":\"WebPage\",\"@id\":\"https:\/\/fundacionasturies.org\/psla\/as\/programa-domingu\/\",\"url\":\"https:\/\/fundacionasturies.org\/psla\/as\/programa-domingu\/\",\"name\":\"Programa Domingu -\",\"isPartOf\":{\"@id\":\"https:\/\/fundacionasturies.org\/psla\/#website\"},\"primaryImageOfPage\":{\"@id\":\"https:\/\/fundacionasturies.org\/psla\/as\/programa-domingu\/#primaryimage\"},\"image\":{\"@id\":\"https:\/\/fundacionasturies.org\/psla\/as\/programa-domingu\/#primaryimage\"},\"thumbnailUrl\":\"https:\/\/fundacionasturies.org\/psla\/wp-content\/uploads\/2024\/03\/cropped-IGP2215-anikina.jpg\",\"datePublished\":\"2024-03-25T12:50:25+00:00\",\"dateModified\":\"2024-03-26T07:32:58+00:00\",\"breadcrumb\":{\"@id\":\"https:\/\/fundacionasturies.org\/psla\/as\/programa-domingu\/#breadcrumb\"},\"inLanguage\":\"es\",\"potentialAction\":[{\"@type\":\"ReadAction\",\"target\":[\"https:\/\/fundacionasturies.org\/psla\/as\/programa-domingu\/\"]}]},{\"@type\":\"ImageObject\",\"inLanguage\":\"es\",\"@id\":\"https:\/\/fundacionasturies.org\/psla\/as\/programa-domingu\/#primaryimage\",\"url\":\"https:\/\/fundacionasturies.org\/psla\/wp-content\/uploads\/2024\/03\/cropped-IGP2215-anikina.jpg\",\"contentUrl\":\"https:\/\/fundacionasturies.org\/psla\/wp-content\/uploads\/2024\/03\/cropped-IGP2215-anikina.jpg\",\"width\":1499,\"height\":500},{\"@type\":\"BreadcrumbList\",\"@id\":\"https:\/\/fundacionasturies.org\/psla\/as\/programa-domingu\/#breadcrumb\",\"itemListElement\":[{\"@type\":\"ListItem\",\"position\":1,\"name\":\"Portada\",\"item\":\"https:\/\/fundacionasturies.org\/psla\/\"},{\"@type\":\"ListItem\",\"position\":2,\"name\":\"Programa Domingu\"}]},{\"@type\":\"WebSite\",\"@id\":\"https:\/\/fundacionasturies.org\/psla\/#website\",\"url\":\"https:\/\/fundacionasturies.org\/psla\/\",\"name\":\"\",\"description\":\"\",\"potentialAction\":[{\"@type\":\"SearchAction\",\"target\":{\"@type\":\"EntryPoint\",\"urlTemplate\":\"https:\/\/fundacionasturies.org\/psla\/?s={search_term_string}\"},\"query-input\":\"required name=search_term_string\"}],\"inLanguage\":\"es\"}]}<\/script>\n<!-- \/ Yoast SEO plugin. -->","yoast_head_json":{"title":"Programa Domingu -","robots":{"index":"index","follow":"follow","max-snippet":"max-snippet:-1","max-image-preview":"max-image-preview:large","max-video-preview":"max-video-preview:-1"},"canonical":"https:\/\/fundacionasturies.org\/psla\/as\/programa-domingu\/","og_locale":"es_ES","og_type":"article","og_title":"Programa Domingu -","og_description":"12:00 a 18:00 h. \u00a0 \u00a0 Banda de Gaites El Gumial \u00a0 \u00a0 Xuegos tradicionales pa la reciella &nbsp; 13:30 h. Concursu de Sidra Casero fecha en madera. \u00a0 \u00a0 \u00a0Concursu pa aficionaos, \u00fanicu na so especialid\u00e1 y col que pretende potenciase l&#8217;usu\u00a0 \u00a0 \u00a0 tradicional de los toneles de madera na ellaboraci\u00f3n de sidra [&hellip;]","og_url":"https:\/\/fundacionasturies.org\/psla\/as\/programa-domingu\/","article_modified_time":"2024-03-26T07:32:58+00:00","og_image":[{"width":1499,"height":500,"url":"https:\/\/fundacionasturies.org\/psla\/wp-content\/uploads\/2024\/03\/cropped-IGP2215-anikina.jpg","type":"image\/jpeg"}],"twitter_card":"summary_large_image","twitter_misc":{"Tiempo de lectura":"2 minutos"},"schema":{"@context":"https:\/\/schema.org","@graph":[{"@type":"WebPage","@id":"https:\/\/fundacionasturies.org\/psla\/as\/programa-domingu\/","url":"https:\/\/fundacionasturies.org\/psla\/as\/programa-domingu\/","name":"Programa Domingu -","isPartOf":{"@id":"https:\/\/fundacionasturies.org\/psla\/#website"},"primaryImageOfPage":{"@id":"https:\/\/fundacionasturies.org\/psla\/as\/programa-domingu\/#primaryimage"},"image":{"@id":"https:\/\/fundacionasturies.org\/psla\/as\/programa-domingu\/#primaryimage"},"thumbnailUrl":"https:\/\/fundacionasturies.org\/psla\/wp-content\/uploads\/2024\/03\/cropped-IGP2215-anikina.jpg","datePublished":"2024-03-25T12:50:25+00:00","dateModified":"2024-03-26T07:32:58+00:00","breadcrumb":{"@id":"https:\/\/fundacionasturies.org\/psla\/as\/programa-domingu\/#breadcrumb"},"inLanguage":"es","potentialAction":[{"@type":"ReadAction","target":["https:\/\/fundacionasturies.org\/psla\/as\/programa-domingu\/"]}]},{"@type":"ImageObject","inLanguage":"es","@id":"https:\/\/fundacionasturies.org\/psla\/as\/programa-domingu\/#primaryimage","url":"https:\/\/fundacionasturies.org\/psla\/wp-content\/uploads\/2024\/03\/cropped-IGP2215-anikina.jpg","contentUrl":"https:\/\/fundacionasturies.org\/psla\/wp-content\/uploads\/2024\/03\/cropped-IGP2215-anikina.jpg","width":1499,"height":500},{"@type":"BreadcrumbList","@id":"https:\/\/fundacionasturies.org\/psla\/as\/programa-domingu\/#breadcrumb","itemListElement":[{"@type":"ListItem","position":1,"name":"Portada","item":"https:\/\/fundacionasturies.org\/psla\/"},{"@type":"ListItem","position":2,"name":"Programa Domingu"}]},{"@type":"WebSite","@id":"https:\/\/fundacionasturies.org\/psla\/#website","url":"https:\/\/fundacionasturies.org\/psla\/","name":"","description":"","potentialAction":[{"@type":"SearchAction","target":{"@type":"EntryPoint","urlTemplate":"https:\/\/fundacionasturies.org\/psla\/?s={search_term_string}"},"query-input":"required name=search_term_string"}],"inLanguage":"es"}]}},"_links":{"self":[{"href":"https:\/\/fundacionasturies.org\/psla\/wp-json\/wp\/v2\/pages\/1038","targetHints":{"allow":["GET"]}}],"collection":[{"href":"https:\/\/fundacionasturies.org\/psla\/wp-json\/wp\/v2\/pages"}],"about":[{"href":"https:\/\/fundacionasturies.org\/psla\/wp-json\/wp\/v2\/types\/page"}],"author":[{"embeddable":true,"href":"https:\/\/fundacionasturies.org\/psla\/wp-json\/wp\/v2\/users\/1"}],"replies":[{"embeddable":true,"href":"https:\/\/fundacionasturies.org\/psla\/wp-json\/wp\/v2\/comments?post=1038"}],"version-history":[{"count":4,"href":"https:\/\/fundacionasturies.org\/psla\/wp-json\/wp\/v2\/pages\/1038\/revisions"}],"predecessor-version":[{"id":1048,"href":"https:\/\/fundacionasturies.org\/psla\/wp-json\/wp\/v2\/pages\/1038\/revisions\/1048"}],"wp:featuredmedia":[{"embeddable":true,"href":"https:\/\/fundacionasturies.org\/psla\/wp-json\/wp\/v2\/media\/214"}],"wp:attachment":[{"href":"https:\/\/fundacionasturies.org\/psla\/wp-json\/wp\/v2\/media?parent=1038"}],"curies":[{"name":"wp","href":"https:\/\/api.w.org\/{rel}","templated":true}]}}