{"id":110,"date":"2024-03-21T11:07:10","date_gmt":"2024-03-21T10:07:10","guid":{"rendered":"https:\/\/fundacionasturies.org\/psla\/?page_id=110"},"modified":"2024-03-26T18:39:34","modified_gmt":"2024-03-26T17:39:34","slug":"programa-sabado","status":"publish","type":"page","link":"https:\/\/fundacionasturies.org\/psla\/programa-sabado\/","title":{"rendered":"Programa S\u00e1bado"},"content":{"rendered":"<style>\/*! elementor - v3.20.0 - 13-03-2024 *\/<br \/>.elementor-widget-image{text-align:center}.elementor-widget-image a{display:inline-block}.elementor-widget-image a img[src$=\".svg\"]{width:48px}.elementor-widget-image img{vertical-align:middle;display:inline-block}<\/style>\n<p><img fetchpriority=\"high\" decoding=\"async\" src=\"https:\/\/fundacionasturies.org\/psla\/wp-content\/uploads\/2024\/03\/sabadu.jpg\" sizes=\"(max-width: 1200px) 100vw, 1200px\" srcset=\"https:\/\/fundacionasturies.org\/psla\/wp-content\/uploads\/2024\/03\/sabadu.jpg 1200w, https:\/\/fundacionasturies.org\/psla\/wp-content\/uploads\/2024\/03\/sabadu-300x199.jpg 300w, https:\/\/fundacionasturies.org\/psla\/wp-content\/uploads\/2024\/03\/sabadu-1024x678.jpg 1024w, https:\/\/fundacionasturies.org\/psla\/wp-content\/uploads\/2024\/03\/sabadu-768x509.jpg 768w\" alt=\"\" width=\"1200\" height=\"795\" \/><\/p>\n<ul>\n<li><span style=\"font-size: 14pt;\">12:00 a 21:00 h.<\/span>\n<ul>\n<li><span style=\"font-size: 14pt;\">Banda de Gaites El Gumial<\/span><\/li>\n<li><span style=\"font-size: 14pt;\"><a href=\"https:\/\/fundacionasturies.org\/psla\/actividades-infantiles\/\">Juegos infantiles tradicionales<\/a><\/span><\/li>\n<\/ul>\n<p>&nbsp;<\/p>\n<p><span style=\"font-size: 14pt;\">13:00 h.\u00a0 \u2013 <strong>Cata guiada de Sidra Cabue\u00f1es<\/strong>. Tercera clasificada en el Concurso Meyor Primer Sidre L\u2019A\u00f1u 2024 a cargu de Juan Luis Garc\u00eda, profesor de la Escuela de Hosteler\u00eda y Turismu de Xix\u00f3n.<\/span><\/li>\n<li><span style=\"font-size: 14pt;\">16:00 h. &#8211; <strong>Cata guiada de Sidras de Letonia (<a href=\"https:\/\/www.mrplume.lv\/aboutus\/\">Mr. Plume<\/a>)y Francia (<a href=\"https:\/\/www.domainedelamare.com\/\">Domain de La Mare<\/a>) a cargo de Donato X.Villoria, jurado del SISGA.\u00a0<\/strong><\/span><\/li>\n<\/ul>\n<p>&nbsp;<\/p>\n<ul>\n<li><span style=\"font-size: 14pt;\"><strong> <img decoding=\"async\" class=\"wp-image-883 alignleft\" src=\"https:\/\/fundacionasturies.org\/psla\/wp-content\/uploads\/2024\/03\/WhatsApp-Image-2024-03-25-at-07.19.48-300x169.jpeg\" alt=\"\" width=\"226\" height=\"127\" srcset=\"https:\/\/fundacionasturies.org\/psla\/wp-content\/uploads\/2024\/03\/WhatsApp-Image-2024-03-25-at-07.19.48-300x169.jpeg 300w, https:\/\/fundacionasturies.org\/psla\/wp-content\/uploads\/2024\/03\/WhatsApp-Image-2024-03-25-at-07.19.48-1024x576.jpeg 1024w, https:\/\/fundacionasturies.org\/psla\/wp-content\/uploads\/2024\/03\/WhatsApp-Image-2024-03-25-at-07.19.48-768x432.jpeg 768w, https:\/\/fundacionasturies.org\/psla\/wp-content\/uploads\/2024\/03\/WhatsApp-Image-2024-03-25-at-07.19.48-1536x864.jpeg 1536w, https:\/\/fundacionasturies.org\/psla\/wp-content\/uploads\/2024\/03\/WhatsApp-Image-2024-03-25-at-07.19.48.jpeg 1920w\" sizes=\"(max-width: 226px) 100vw, 226px\" \/><img decoding=\"async\" class=\"wp-image-882 aligncenter\" src=\"https:\/\/fundacionasturies.org\/psla\/wp-content\/uploads\/2024\/03\/WhatsApp-Image-2024-03-25-at-07.19.48-1-300x169.jpeg\" alt=\"\" width=\"227\" height=\"128\" srcset=\"https:\/\/fundacionasturies.org\/psla\/wp-content\/uploads\/2024\/03\/WhatsApp-Image-2024-03-25-at-07.19.48-1-300x169.jpeg 300w, https:\/\/fundacionasturies.org\/psla\/wp-content\/uploads\/2024\/03\/WhatsApp-Image-2024-03-25-at-07.19.48-1-1024x576.jpeg 1024w, https:\/\/fundacionasturies.org\/psla\/wp-content\/uploads\/2024\/03\/WhatsApp-Image-2024-03-25-at-07.19.48-1-768x432.jpeg 768w, https:\/\/fundacionasturies.org\/psla\/wp-content\/uploads\/2024\/03\/WhatsApp-Image-2024-03-25-at-07.19.48-1-1536x864.jpeg 1536w, https:\/\/fundacionasturies.org\/psla\/wp-content\/uploads\/2024\/03\/WhatsApp-Image-2024-03-25-at-07.19.48-1.jpeg 1920w\" sizes=\"(max-width: 227px) 100vw, 227px\" \/><\/strong><\/span><\/li>\n<li><\/li>\n<li><\/li>\n<li><span style=\"font-size: 14pt;\">17:00 h.\u00a0 \u2013 <strong>Taller de escanciado.<\/strong><\/span><\/li>\n<li><span style=\"font-size: 14pt;\">18:00 h.\u00a0 \u00a0<strong>Taller y Concurso infantil de escanciado<\/strong>. Realizado con agua y bajo supervisi\u00f3n constante de los monitores.<\/span><\/li>\n<li><span style=\"font-size: 14pt;\">19:00 h.<a href=\"https:\/\/www.lasidra.as\/concursu-amateur-dechaores\/\"><strong>\u00a0Concurso de escanciado de sidra para aficionados<\/strong>.<\/a> Una oportunidad para que los que no son profesionales del sector pongan a prueba sus habilidades. Los premios consistir\u00e1n en una caja de sidra de la sidra Prado y Pedregal, del Llagar La Morena, Meyor Primer Sidre L\u2019A\u00f1u 2024 para el primer clasificado, una caja de sidra Pe\u00f1\u00f3n, segunda clasificadaen la Meyor Primer Sidre L\u2019A\u00f1u 2024, para el segundo y una caja de sidra Cabue\u00f1es, tercer clasificada en la Meyor Primer Sidre L\u2019a\u00f1u 2024, para el tercero.<\/span><\/li>\n<\/ul>\n<p>&nbsp;<\/p>\n<p>Adem\u00e1s, queremos destacar:<\/p>\n<ul>\n<li><span style=\"font-size: 10pt;\">Oferta de sidra dulce (esto es, sin alcohol)<\/span><\/li>\n<li><span style=\"font-size: 10pt;\">Informaci\u00f3n multiling\u00fce. Cada a\u00f1o es mayor el n\u00famero de visitantes extranjeros, tanto personas individuales como medios de comunicaci\u00f3n; por ello contamos con un equipo de atenci\u00f3n que, adem\u00e1s del asturiano y el espa\u00f1ol, inform\u00f3 en ingl\u00e9s, franc\u00e9s, italiano y alem\u00e1n.<\/span><\/li>\n<li><span style=\"font-size: 10pt;\">Men\u00fa vegetariano. Nuestra magn\u00edfica parrilla cuenta, como viene siendo habitual en los \u00faltimos a\u00f1os, con un men\u00fa vegetariano, dando respuesta as\u00ed a una demanda cada vez m\u00e1s generalizada entre los asistentes a nuestro evento.<\/span><\/li>\n<li><span style=\"font-size: 10pt;\">Espacio Cardioprotegido. Este a\u00f1o nuevamente contamos con el equipamiento necesario (desfibrilador), y el personal m\u00e9dico con la formaci\u00f3n precisa, para atender de manera eficaz una parada card\u00edaca hasta la llegada de los servicios m\u00e9dicos de emergencia. Con esta medida nos adelantamos a las disposiciones existentes para este tipo de eventos a nivel europeo, y aportamos una seguridad a todos nuestros visitantes.<\/span><\/li>\n<li><span style=\"font-size: 10pt;\">\u00a1Bebi con xac\u00edu!. Aunque la legislaci\u00f3n espa\u00f1ola a\u00fan no lo exija, hemos asumido los principios europeos en los que el anuncio de actividades relacionadas con bebidas alcoh\u00f3licas llevan un llamamiento a su consumo responsable y moderado, de tal forma que el eslogan \u201cBebi con xac\u00edu. Ye la nuesa cultura. Ye la to responsabilid\u00e1\u201d estar\u00e1 presente en todo el evento, recordando, de paso, que la cultura asturiana de la sidra no es una cultura de \u201cbotell\u00f3n\u201d, sino de relaciones sociales.<\/span><\/li>\n<\/ul>\n","protected":false},"excerpt":{"rendered":"<p>12:00 a 21:00 h. Banda de Gaites El Gumial Juegos infantiles tradicionales &nbsp; 13:00 h.\u00a0 \u2013 Cata guiada de Sidra Cabue\u00f1es. Tercera clasificada en el Concurso Meyor Primer Sidre L\u2019A\u00f1u 2024 a cargu de Juan Luis Garc\u00eda, profesor de la Escuela de Hosteler\u00eda y Turismu de Xix\u00f3n. 16:00 h. &#8211; Cata guiada de Sidras de [&hellip;]<\/p>\n","protected":false},"author":1,"featured_media":0,"parent":0,"menu_order":0,"comment_status":"closed","ping_status":"closed","template":"","meta":{"footnotes":""},"class_list":["post-110","page","type-page","status-publish","hentry"],"yoast_head":"<!-- This site is optimized with the Yoast SEO plugin v22.3 - https:\/\/yoast.com\/wordpress\/plugins\/seo\/ -->\n<title>Programa S\u00e1bado -<\/title>\n<meta name=\"robots\" content=\"index, follow, max-snippet:-1, max-image-preview:large, max-video-preview:-1\" \/>\n<link rel=\"canonical\" href=\"https:\/\/fundacionasturies.org\/psla\/programa-sabado\/\" \/>\n<meta property=\"og:locale\" content=\"es_ES\" \/>\n<meta property=\"og:type\" content=\"article\" \/>\n<meta property=\"og:title\" content=\"Programa S\u00e1bado -\" \/>\n<meta property=\"og:description\" content=\"12:00 a 21:00 h. Banda de Gaites El Gumial Juegos infantiles tradicionales &nbsp; 13:00 h.\u00a0 \u2013 Cata guiada de Sidra Cabue\u00f1es. Tercera clasificada en el Concurso Meyor Primer Sidre L\u2019A\u00f1u 2024 a cargu de Juan Luis Garc\u00eda, profesor de la Escuela de Hosteler\u00eda y Turismu de Xix\u00f3n. 16:00 h. &#8211; Cata guiada de Sidras de [&hellip;]\" \/>\n<meta property=\"og:url\" content=\"https:\/\/fundacionasturies.org\/psla\/programa-sabado\/\" \/>\n<meta property=\"article:modified_time\" content=\"2024-03-26T17:39:34+00:00\" \/>\n<meta property=\"og:image\" content=\"https:\/\/fundacionasturies.org\/psla\/wp-content\/uploads\/2024\/03\/sabadu.jpg\" \/>\n<meta name=\"twitter:card\" content=\"summary_large_image\" \/>\n<meta name=\"twitter:label1\" content=\"Tiempo de lectura\" \/>\n\t<meta name=\"twitter:data1\" content=\"3 minutos\" \/>\n<script type=\"application\/ld+json\" class=\"yoast-schema-graph\">{\"@context\":\"https:\/\/schema.org\",\"@graph\":[{\"@type\":\"WebPage\",\"@id\":\"https:\/\/fundacionasturies.org\/psla\/programa-sabado\/\",\"url\":\"https:\/\/fundacionasturies.org\/psla\/programa-sabado\/\",\"name\":\"Programa S\u00e1bado -\",\"isPartOf\":{\"@id\":\"https:\/\/fundacionasturies.org\/psla\/#website\"},\"primaryImageOfPage\":{\"@id\":\"https:\/\/fundacionasturies.org\/psla\/programa-sabado\/#primaryimage\"},\"image\":{\"@id\":\"https:\/\/fundacionasturies.org\/psla\/programa-sabado\/#primaryimage\"},\"thumbnailUrl\":\"https:\/\/fundacionasturies.org\/psla\/wp-content\/uploads\/2024\/03\/sabadu.jpg\",\"datePublished\":\"2024-03-21T10:07:10+00:00\",\"dateModified\":\"2024-03-26T17:39:34+00:00\",\"breadcrumb\":{\"@id\":\"https:\/\/fundacionasturies.org\/psla\/programa-sabado\/#breadcrumb\"},\"inLanguage\":\"es\",\"potentialAction\":[{\"@type\":\"ReadAction\",\"target\":[\"https:\/\/fundacionasturies.org\/psla\/programa-sabado\/\"]}]},{\"@type\":\"ImageObject\",\"inLanguage\":\"es\",\"@id\":\"https:\/\/fundacionasturies.org\/psla\/programa-sabado\/#primaryimage\",\"url\":\"https:\/\/fundacionasturies.org\/psla\/wp-content\/uploads\/2024\/03\/sabadu.jpg\",\"contentUrl\":\"https:\/\/fundacionasturies.org\/psla\/wp-content\/uploads\/2024\/03\/sabadu.jpg\",\"width\":1200,\"height\":795},{\"@type\":\"BreadcrumbList\",\"@id\":\"https:\/\/fundacionasturies.org\/psla\/programa-sabado\/#breadcrumb\",\"itemListElement\":[{\"@type\":\"ListItem\",\"position\":1,\"name\":\"Portada\",\"item\":\"https:\/\/fundacionasturies.org\/psla\/\"},{\"@type\":\"ListItem\",\"position\":2,\"name\":\"Programa S\u00e1bado\"}]},{\"@type\":\"WebSite\",\"@id\":\"https:\/\/fundacionasturies.org\/psla\/#website\",\"url\":\"https:\/\/fundacionasturies.org\/psla\/\",\"name\":\"\",\"description\":\"\",\"potentialAction\":[{\"@type\":\"SearchAction\",\"target\":{\"@type\":\"EntryPoint\",\"urlTemplate\":\"https:\/\/fundacionasturies.org\/psla\/?s={search_term_string}\"},\"query-input\":\"required name=search_term_string\"}],\"inLanguage\":\"es\"}]}<\/script>\n<!-- \/ Yoast SEO plugin. -->","yoast_head_json":{"title":"Programa S\u00e1bado -","robots":{"index":"index","follow":"follow","max-snippet":"max-snippet:-1","max-image-preview":"max-image-preview:large","max-video-preview":"max-video-preview:-1"},"canonical":"https:\/\/fundacionasturies.org\/psla\/programa-sabado\/","og_locale":"es_ES","og_type":"article","og_title":"Programa S\u00e1bado -","og_description":"12:00 a 21:00 h. Banda de Gaites El Gumial Juegos infantiles tradicionales &nbsp; 13:00 h.\u00a0 \u2013 Cata guiada de Sidra Cabue\u00f1es. Tercera clasificada en el Concurso Meyor Primer Sidre L\u2019A\u00f1u 2024 a cargu de Juan Luis Garc\u00eda, profesor de la Escuela de Hosteler\u00eda y Turismu de Xix\u00f3n. 16:00 h. &#8211; Cata guiada de Sidras de [&hellip;]","og_url":"https:\/\/fundacionasturies.org\/psla\/programa-sabado\/","article_modified_time":"2024-03-26T17:39:34+00:00","og_image":[{"url":"https:\/\/fundacionasturies.org\/psla\/wp-content\/uploads\/2024\/03\/sabadu.jpg"}],"twitter_card":"summary_large_image","twitter_misc":{"Tiempo de lectura":"3 minutos"},"schema":{"@context":"https:\/\/schema.org","@graph":[{"@type":"WebPage","@id":"https:\/\/fundacionasturies.org\/psla\/programa-sabado\/","url":"https:\/\/fundacionasturies.org\/psla\/programa-sabado\/","name":"Programa S\u00e1bado -","isPartOf":{"@id":"https:\/\/fundacionasturies.org\/psla\/#website"},"primaryImageOfPage":{"@id":"https:\/\/fundacionasturies.org\/psla\/programa-sabado\/#primaryimage"},"image":{"@id":"https:\/\/fundacionasturies.org\/psla\/programa-sabado\/#primaryimage"},"thumbnailUrl":"https:\/\/fundacionasturies.org\/psla\/wp-content\/uploads\/2024\/03\/sabadu.jpg","datePublished":"2024-03-21T10:07:10+00:00","dateModified":"2024-03-26T17:39:34+00:00","breadcrumb":{"@id":"https:\/\/fundacionasturies.org\/psla\/programa-sabado\/#breadcrumb"},"inLanguage":"es","potentialAction":[{"@type":"ReadAction","target":["https:\/\/fundacionasturies.org\/psla\/programa-sabado\/"]}]},{"@type":"ImageObject","inLanguage":"es","@id":"https:\/\/fundacionasturies.org\/psla\/programa-sabado\/#primaryimage","url":"https:\/\/fundacionasturies.org\/psla\/wp-content\/uploads\/2024\/03\/sabadu.jpg","contentUrl":"https:\/\/fundacionasturies.org\/psla\/wp-content\/uploads\/2024\/03\/sabadu.jpg","width":1200,"height":795},{"@type":"BreadcrumbList","@id":"https:\/\/fundacionasturies.org\/psla\/programa-sabado\/#breadcrumb","itemListElement":[{"@type":"ListItem","position":1,"name":"Portada","item":"https:\/\/fundacionasturies.org\/psla\/"},{"@type":"ListItem","position":2,"name":"Programa S\u00e1bado"}]},{"@type":"WebSite","@id":"https:\/\/fundacionasturies.org\/psla\/#website","url":"https:\/\/fundacionasturies.org\/psla\/","name":"","description":"","potentialAction":[{"@type":"SearchAction","target":{"@type":"EntryPoint","urlTemplate":"https:\/\/fundacionasturies.org\/psla\/?s={search_term_string}"},"query-input":"required name=search_term_string"}],"inLanguage":"es"}]}},"_links":{"self":[{"href":"https:\/\/fundacionasturies.org\/psla\/wp-json\/wp\/v2\/pages\/110","targetHints":{"allow":["GET"]}}],"collection":[{"href":"https:\/\/fundacionasturies.org\/psla\/wp-json\/wp\/v2\/pages"}],"about":[{"href":"https:\/\/fundacionasturies.org\/psla\/wp-json\/wp\/v2\/types\/page"}],"author":[{"embeddable":true,"href":"https:\/\/fundacionasturies.org\/psla\/wp-json\/wp\/v2\/users\/1"}],"replies":[{"embeddable":true,"href":"https:\/\/fundacionasturies.org\/psla\/wp-json\/wp\/v2\/comments?post=110"}],"version-history":[{"count":17,"href":"https:\/\/fundacionasturies.org\/psla\/wp-json\/wp\/v2\/pages\/110\/revisions"}],"predecessor-version":[{"id":1138,"href":"https:\/\/fundacionasturies.org\/psla\/wp-json\/wp\/v2\/pages\/110\/revisions\/1138"}],"wp:attachment":[{"href":"https:\/\/fundacionasturies.org\/psla\/wp-json\/wp\/v2\/media?parent=110"}],"curies":[{"name":"wp","href":"https:\/\/api.w.org\/{rel}","templated":true}]}}