{"id":81,"date":"2024-03-21T08:19:39","date_gmt":"2024-03-21T07:19:39","guid":{"rendered":"http:\/\/fundacionasturies.org\/psla\/?page_id=81"},"modified":"2025-04-13T09:31:06","modified_gmt":"2025-04-13T07:31:06","slug":"concurso-mejor-psla","status":"publish","type":"page","link":"https:\/\/fundacionasturies.org\/psla\/concurso-mejor-psla\/","title":{"rendered":"Concurso Meyor Primer Sidre L&#8217;A\u00f1u"},"content":{"rendered":"\t\t<div data-elementor-type=\"wp-page\" data-elementor-id=\"81\" class=\"elementor elementor-81\">\n\t\t\t\t<div class=\"elementor-element elementor-element-3aad802 e-flex e-con-boxed e-con e-parent\" data-id=\"3aad802\" data-element_type=\"container\" data-core-v316-plus=\"true\">\n\t\t\t\t\t<div class=\"e-con-inner\">\n\t\t\t\t<div class=\"elementor-element elementor-element-937b9f2 elementor-widget elementor-widget-image\" data-id=\"937b9f2\" data-element_type=\"widget\" data-widget_type=\"image.default\">\n\t\t\t\t<div class=\"elementor-widget-container\">\n\t\t\t<style>\/*! elementor - v3.20.0 - 13-03-2024 *\/\n.elementor-widget-image{text-align:center}.elementor-widget-image a{display:inline-block}.elementor-widget-image a img[src$=\".svg\"]{width:48px}.elementor-widget-image img{vertical-align:middle;display:inline-block}<\/style>\t\t\t\t\t\t\t\t\t\t<img fetchpriority=\"high\" decoding=\"async\" width=\"1508\" height=\"1116\" src=\"https:\/\/fundacionasturies.org\/psla\/wp-content\/uploads\/2024\/03\/WhatsApp-Image-2024-03-21-at-08.44.03-1-rotated-e1711035229503.jpeg\" class=\"attachment-full size-full wp-image-135\" alt=\"\" srcset=\"https:\/\/fundacionasturies.org\/psla\/wp-content\/uploads\/2024\/03\/WhatsApp-Image-2024-03-21-at-08.44.03-1-rotated-e1711035229503.jpeg 1508w, https:\/\/fundacionasturies.org\/psla\/wp-content\/uploads\/2024\/03\/WhatsApp-Image-2024-03-21-at-08.44.03-1-rotated-e1711035229503-300x222.jpeg 300w, https:\/\/fundacionasturies.org\/psla\/wp-content\/uploads\/2024\/03\/WhatsApp-Image-2024-03-21-at-08.44.03-1-rotated-e1711035229503-1024x758.jpeg 1024w, https:\/\/fundacionasturies.org\/psla\/wp-content\/uploads\/2024\/03\/WhatsApp-Image-2024-03-21-at-08.44.03-1-rotated-e1711035229503-768x568.jpeg 768w\" sizes=\"(max-width: 1508px) 100vw, 1508px\" \/>\t\t\t\t\t\t\t\t\t\t\t\t\t<\/div>\n\t\t\t\t<\/div>\n\t\t\t\t\t<\/div>\n\t\t\t\t<\/div>\n\t\t<div class=\"elementor-element elementor-element-aa75c7a e-flex e-con-boxed e-con e-parent\" data-id=\"aa75c7a\" data-element_type=\"container\" data-core-v316-plus=\"true\">\n\t\t\t\t\t<div class=\"e-con-inner\">\n\t\t\t\t<div class=\"elementor-element elementor-element-2a2b68dc elementor-widget elementor-widget-text-editor\" data-id=\"2a2b68dc\" data-element_type=\"widget\" data-widget_type=\"text-editor.default\">\n\t\t\t\t<div class=\"elementor-widget-container\">\n\t\t\t<style>\/*! elementor - v3.20.0 - 13-03-2024 *\/\n.elementor-widget-text-editor.elementor-drop-cap-view-stacked .elementor-drop-cap{background-color:#69727d;color:#fff}.elementor-widget-text-editor.elementor-drop-cap-view-framed .elementor-drop-cap{color:#69727d;border:3px solid;background-color:transparent}.elementor-widget-text-editor:not(.elementor-drop-cap-view-default) .elementor-drop-cap{margin-top:8px}.elementor-widget-text-editor:not(.elementor-drop-cap-view-default) .elementor-drop-cap-letter{width:1em;height:1em}.elementor-widget-text-editor .elementor-drop-cap{float:left;text-align:center;line-height:1;font-size:50px}.elementor-widget-text-editor .elementor-drop-cap-letter{display:inline-block}<\/style>\t\t\t\t<p style=\"text-align: left;\"><span style=\"font-size: 14pt; font-family: arial, helvetica, sans-serif;\"><strong>La sidra La Morena, del llagar del mismo nombre, en Viella (Siero) es la ganadora del Concurso de la Meyor Primer Sidre l&#8217;A\u00f1u 2025, convirti\u00e9ndose con ello en la sidra oficial de esta edici\u00f3n de la Primer Sidre l&#8217;A\u00f1u<\/strong><\/span><\/p>\n<p style=\"text-align: left;\"><span style=\"font-size: 14pt; font-family: arial, helvetica, sans-serif;\">En la Primer Sidre l&#8217;A\u00f1u os esperan decenas de miles de litros de sidra de m\u00e1s de cuarenta llagares&#8230; pero uno en especial ser\u00e1 el recomendado para este a\u00f1o, al haber sido reconocido por nuestro experto panel de jurados como la Meyor Primer Sidre l&#8217;A\u00f1u, es decir, la sidra de mayor calidad de esta cosecha.<\/span><\/p>\n<p style=\"text-align: left;\"><span style=\"font-size: 14pt; font-family: arial, helvetica, sans-serif;\">La selecci\u00f3n se ha realizado de entre todas las sidras presentadas en una doble jornada de catas a ciegas abiertas al p\u00fablico en la Sidrer\u00eda La Montera Picona de Ram\u00f3n. Seis fueron las finalistas que pasaron a la segunda fase:&nbsp;<\/span><span style=\"font-size: 14pt;\"> Germ\u00e1n, La Morena, Pi\u00f1era, Prau Monga, Huerces y Cabue\u00f1es<\/span><span style=\"font-size: 14pt; font-family: arial, helvetica, sans-serif;\">. De entre ellas, la que m\u00e1s puntuaci\u00f3n obtuvo en la final fue <strong>La Morena<\/strong>, seguida de <strong>Prau Monga<\/strong>, del llagar Viuda de Angel\u00f3n (Nava) y <strong>Cabue\u00f1es<\/strong> (Xix\u00f3n).<\/span><\/p>\t\t\t\t\t\t<\/div>\n\t\t\t\t<\/div>\n\t\t\t\t\t<\/div>\n\t\t\t\t<\/div>\n\t\t\t\t<\/div>\n\t\t","protected":false},"excerpt":{"rendered":"<p>La sidra La Morena, del llagar del mismo nombre, en Viella (Siero) es la ganadora del Concurso de la Meyor Primer Sidre l&#8217;A\u00f1u 2025, convirti\u00e9ndose con ello en la sidra oficial de esta edici\u00f3n de la Primer Sidre l&#8217;A\u00f1u En la Primer Sidre l&#8217;A\u00f1u os esperan decenas de miles de litros de sidra de m\u00e1s [&hellip;]<\/p>\n","protected":false},"author":1,"featured_media":124,"parent":0,"menu_order":0,"comment_status":"closed","ping_status":"closed","template":"elementor_header_footer","meta":{"footnotes":""},"class_list":["post-81","page","type-page","status-publish","has-post-thumbnail","hentry"],"yoast_head":"<!-- This site is optimized with the Yoast SEO plugin v22.3 - https:\/\/yoast.com\/wordpress\/plugins\/seo\/ -->\n<title>Concurso Meyor Primer Sidre L&#039;A\u00f1u -<\/title>\n<meta name=\"robots\" content=\"index, follow, max-snippet:-1, max-image-preview:large, max-video-preview:-1\" \/>\n<link rel=\"canonical\" href=\"https:\/\/fundacionasturies.org\/psla\/concurso-mejor-psla\/\" \/>\n<meta property=\"og:locale\" content=\"es_ES\" \/>\n<meta property=\"og:type\" content=\"article\" \/>\n<meta property=\"og:title\" content=\"Concurso Meyor Primer Sidre L&#039;A\u00f1u -\" \/>\n<meta property=\"og:description\" content=\"La sidra La Morena, del llagar del mismo nombre, en Viella (Siero) es la ganadora del Concurso de la Meyor Primer Sidre l&#8217;A\u00f1u 2025, convirti\u00e9ndose con ello en la sidra oficial de esta edici\u00f3n de la Primer Sidre l&#8217;A\u00f1u En la Primer Sidre l&#8217;A\u00f1u os esperan decenas de miles de litros de sidra de m\u00e1s [&hellip;]\" \/>\n<meta property=\"og:url\" content=\"https:\/\/fundacionasturies.org\/psla\/concurso-mejor-psla\/\" \/>\n<meta property=\"article:modified_time\" content=\"2025-04-13T07:31:06+00:00\" \/>\n<meta property=\"og:image\" content=\"https:\/\/fundacionasturies.org\/psla\/wp-content\/uploads\/2024\/03\/WhatsApp-Image-2024-03-21-at-08.44.03-rotated.jpeg\" \/>\n\t<meta property=\"og:image:width\" content=\"1599\" \/>\n\t<meta property=\"og:image:height\" content=\"1116\" \/>\n\t<meta property=\"og:image:type\" content=\"image\/jpeg\" \/>\n<meta name=\"twitter:card\" content=\"summary_large_image\" \/>\n<meta name=\"twitter:label1\" content=\"Tiempo de lectura\" \/>\n\t<meta name=\"twitter:data1\" content=\"1 minuto\" \/>\n<script type=\"application\/ld+json\" class=\"yoast-schema-graph\">{\"@context\":\"https:\/\/schema.org\",\"@graph\":[{\"@type\":\"WebPage\",\"@id\":\"https:\/\/fundacionasturies.org\/psla\/concurso-mejor-psla\/\",\"url\":\"https:\/\/fundacionasturies.org\/psla\/concurso-mejor-psla\/\",\"name\":\"Concurso Meyor Primer Sidre L'A\u00f1u -\",\"isPartOf\":{\"@id\":\"https:\/\/fundacionasturies.org\/psla\/#website\"},\"primaryImageOfPage\":{\"@id\":\"https:\/\/fundacionasturies.org\/psla\/concurso-mejor-psla\/#primaryimage\"},\"image\":{\"@id\":\"https:\/\/fundacionasturies.org\/psla\/concurso-mejor-psla\/#primaryimage\"},\"thumbnailUrl\":\"https:\/\/fundacionasturies.org\/psla\/wp-content\/uploads\/2024\/03\/WhatsApp-Image-2024-03-21-at-08.44.03-rotated.jpeg\",\"datePublished\":\"2024-03-21T07:19:39+00:00\",\"dateModified\":\"2025-04-13T07:31:06+00:00\",\"breadcrumb\":{\"@id\":\"https:\/\/fundacionasturies.org\/psla\/concurso-mejor-psla\/#breadcrumb\"},\"inLanguage\":\"es\",\"potentialAction\":[{\"@type\":\"ReadAction\",\"target\":[\"https:\/\/fundacionasturies.org\/psla\/concurso-mejor-psla\/\"]}]},{\"@type\":\"ImageObject\",\"inLanguage\":\"es\",\"@id\":\"https:\/\/fundacionasturies.org\/psla\/concurso-mejor-psla\/#primaryimage\",\"url\":\"https:\/\/fundacionasturies.org\/psla\/wp-content\/uploads\/2024\/03\/WhatsApp-Image-2024-03-21-at-08.44.03-rotated.jpeg\",\"contentUrl\":\"https:\/\/fundacionasturies.org\/psla\/wp-content\/uploads\/2024\/03\/WhatsApp-Image-2024-03-21-at-08.44.03-rotated.jpeg\",\"width\":1599,\"height\":1116},{\"@type\":\"BreadcrumbList\",\"@id\":\"https:\/\/fundacionasturies.org\/psla\/concurso-mejor-psla\/#breadcrumb\",\"itemListElement\":[{\"@type\":\"ListItem\",\"position\":1,\"name\":\"Portada\",\"item\":\"https:\/\/fundacionasturies.org\/psla\/\"},{\"@type\":\"ListItem\",\"position\":2,\"name\":\"Concurso Meyor Primer Sidre L&#8217;A\u00f1u\"}]},{\"@type\":\"WebSite\",\"@id\":\"https:\/\/fundacionasturies.org\/psla\/#website\",\"url\":\"https:\/\/fundacionasturies.org\/psla\/\",\"name\":\"\",\"description\":\"\",\"potentialAction\":[{\"@type\":\"SearchAction\",\"target\":{\"@type\":\"EntryPoint\",\"urlTemplate\":\"https:\/\/fundacionasturies.org\/psla\/?s={search_term_string}\"},\"query-input\":\"required name=search_term_string\"}],\"inLanguage\":\"es\"}]}<\/script>\n<!-- \/ Yoast SEO plugin. -->","yoast_head_json":{"title":"Concurso Meyor Primer Sidre L'A\u00f1u -","robots":{"index":"index","follow":"follow","max-snippet":"max-snippet:-1","max-image-preview":"max-image-preview:large","max-video-preview":"max-video-preview:-1"},"canonical":"https:\/\/fundacionasturies.org\/psla\/concurso-mejor-psla\/","og_locale":"es_ES","og_type":"article","og_title":"Concurso Meyor Primer Sidre L'A\u00f1u -","og_description":"La sidra La Morena, del llagar del mismo nombre, en Viella (Siero) es la ganadora del Concurso de la Meyor Primer Sidre l&#8217;A\u00f1u 2025, convirti\u00e9ndose con ello en la sidra oficial de esta edici\u00f3n de la Primer Sidre l&#8217;A\u00f1u En la Primer Sidre l&#8217;A\u00f1u os esperan decenas de miles de litros de sidra de m\u00e1s [&hellip;]","og_url":"https:\/\/fundacionasturies.org\/psla\/concurso-mejor-psla\/","article_modified_time":"2025-04-13T07:31:06+00:00","og_image":[{"width":1599,"height":1116,"url":"https:\/\/fundacionasturies.org\/psla\/wp-content\/uploads\/2024\/03\/WhatsApp-Image-2024-03-21-at-08.44.03-rotated.jpeg","type":"image\/jpeg"}],"twitter_card":"summary_large_image","twitter_misc":{"Tiempo de lectura":"1 minuto"},"schema":{"@context":"https:\/\/schema.org","@graph":[{"@type":"WebPage","@id":"https:\/\/fundacionasturies.org\/psla\/concurso-mejor-psla\/","url":"https:\/\/fundacionasturies.org\/psla\/concurso-mejor-psla\/","name":"Concurso Meyor Primer Sidre L'A\u00f1u -","isPartOf":{"@id":"https:\/\/fundacionasturies.org\/psla\/#website"},"primaryImageOfPage":{"@id":"https:\/\/fundacionasturies.org\/psla\/concurso-mejor-psla\/#primaryimage"},"image":{"@id":"https:\/\/fundacionasturies.org\/psla\/concurso-mejor-psla\/#primaryimage"},"thumbnailUrl":"https:\/\/fundacionasturies.org\/psla\/wp-content\/uploads\/2024\/03\/WhatsApp-Image-2024-03-21-at-08.44.03-rotated.jpeg","datePublished":"2024-03-21T07:19:39+00:00","dateModified":"2025-04-13T07:31:06+00:00","breadcrumb":{"@id":"https:\/\/fundacionasturies.org\/psla\/concurso-mejor-psla\/#breadcrumb"},"inLanguage":"es","potentialAction":[{"@type":"ReadAction","target":["https:\/\/fundacionasturies.org\/psla\/concurso-mejor-psla\/"]}]},{"@type":"ImageObject","inLanguage":"es","@id":"https:\/\/fundacionasturies.org\/psla\/concurso-mejor-psla\/#primaryimage","url":"https:\/\/fundacionasturies.org\/psla\/wp-content\/uploads\/2024\/03\/WhatsApp-Image-2024-03-21-at-08.44.03-rotated.jpeg","contentUrl":"https:\/\/fundacionasturies.org\/psla\/wp-content\/uploads\/2024\/03\/WhatsApp-Image-2024-03-21-at-08.44.03-rotated.jpeg","width":1599,"height":1116},{"@type":"BreadcrumbList","@id":"https:\/\/fundacionasturies.org\/psla\/concurso-mejor-psla\/#breadcrumb","itemListElement":[{"@type":"ListItem","position":1,"name":"Portada","item":"https:\/\/fundacionasturies.org\/psla\/"},{"@type":"ListItem","position":2,"name":"Concurso Meyor Primer Sidre L&#8217;A\u00f1u"}]},{"@type":"WebSite","@id":"https:\/\/fundacionasturies.org\/psla\/#website","url":"https:\/\/fundacionasturies.org\/psla\/","name":"","description":"","potentialAction":[{"@type":"SearchAction","target":{"@type":"EntryPoint","urlTemplate":"https:\/\/fundacionasturies.org\/psla\/?s={search_term_string}"},"query-input":"required name=search_term_string"}],"inLanguage":"es"}]}},"_links":{"self":[{"href":"https:\/\/fundacionasturies.org\/psla\/wp-json\/wp\/v2\/pages\/81","targetHints":{"allow":["GET"]}}],"collection":[{"href":"https:\/\/fundacionasturies.org\/psla\/wp-json\/wp\/v2\/pages"}],"about":[{"href":"https:\/\/fundacionasturies.org\/psla\/wp-json\/wp\/v2\/types\/page"}],"author":[{"embeddable":true,"href":"https:\/\/fundacionasturies.org\/psla\/wp-json\/wp\/v2\/users\/1"}],"replies":[{"embeddable":true,"href":"https:\/\/fundacionasturies.org\/psla\/wp-json\/wp\/v2\/comments?post=81"}],"version-history":[{"count":20,"href":"https:\/\/fundacionasturies.org\/psla\/wp-json\/wp\/v2\/pages\/81\/revisions"}],"predecessor-version":[{"id":1180,"href":"https:\/\/fundacionasturies.org\/psla\/wp-json\/wp\/v2\/pages\/81\/revisions\/1180"}],"wp:featuredmedia":[{"embeddable":true,"href":"https:\/\/fundacionasturies.org\/psla\/wp-json\/wp\/v2\/media\/124"}],"wp:attachment":[{"href":"https:\/\/fundacionasturies.org\/psla\/wp-json\/wp\/v2\/media?parent=81"}],"curies":[{"name":"wp","href":"https:\/\/api.w.org\/{rel}","templated":true}]}}