{"id":86,"date":"2024-03-21T08:20:02","date_gmt":"2024-03-21T07:20:02","guid":{"rendered":"http:\/\/fundacionasturies.org\/psla\/?page_id=86"},"modified":"2024-03-22T10:36:21","modified_gmt":"2024-03-22T09:36:21","slug":"concurso-sidra-casera-hecha-en-madera","status":"publish","type":"page","link":"https:\/\/fundacionasturies.org\/psla\/concurso-sidra-casera-hecha-en-madera\/","title":{"rendered":"Concurso Sidra Casero Fecho en Maera"},"content":{"rendered":"\t\t<div data-elementor-type=\"wp-page\" data-elementor-id=\"86\" class=\"elementor elementor-86\">\n\t\t\t\t<div class=\"elementor-element elementor-element-217b784 e-flex e-con-boxed e-con e-parent\" data-id=\"217b784\" data-element_type=\"container\" data-core-v316-plus=\"true\">\n\t\t\t\t\t<div class=\"e-con-inner\">\n\t\t\t\t<div class=\"elementor-element elementor-element-7bb4bfb elementor-widget elementor-widget-image\" data-id=\"7bb4bfb\" data-element_type=\"widget\" data-widget_type=\"image.default\">\n\t\t\t\t<div class=\"elementor-widget-container\">\n\t\t\t<style>\/*! elementor - v3.20.0 - 13-03-2024 *\/\n.elementor-widget-image{text-align:center}.elementor-widget-image a{display:inline-block}.elementor-widget-image a img[src$=\".svg\"]{width:48px}.elementor-widget-image img{vertical-align:middle;display:inline-block}<\/style>\t\t\t\t\t\t\t\t\t\t<img fetchpriority=\"high\" decoding=\"async\" width=\"1208\" height=\"800\" src=\"https:\/\/fundacionasturies.org\/psla\/wp-content\/uploads\/2024\/03\/anikina-6677.jpg\" class=\"attachment-full size-full wp-image-19\" alt=\"\" srcset=\"https:\/\/fundacionasturies.org\/psla\/wp-content\/uploads\/2024\/03\/anikina-6677.jpg 1208w, https:\/\/fundacionasturies.org\/psla\/wp-content\/uploads\/2024\/03\/anikina-6677-300x199.jpg 300w, https:\/\/fundacionasturies.org\/psla\/wp-content\/uploads\/2024\/03\/anikina-6677-1024x678.jpg 1024w, https:\/\/fundacionasturies.org\/psla\/wp-content\/uploads\/2024\/03\/anikina-6677-768x509.jpg 768w\" sizes=\"(max-width: 1208px) 100vw, 1208px\" \/>\t\t\t\t\t\t\t\t\t\t\t\t\t<\/div>\n\t\t\t\t<\/div>\n\t\t\t\t\t<\/div>\n\t\t\t\t<\/div>\n\t\t<div class=\"elementor-element elementor-element-5a6ed29e e-flex e-con-boxed e-con e-parent\" data-id=\"5a6ed29e\" data-element_type=\"container\" data-core-v316-plus=\"true\">\n\t\t\t\t\t<div class=\"e-con-inner\">\n\t\t\t\t<div class=\"elementor-element elementor-element-2267ecdb elementor-widget elementor-widget-text-editor\" data-id=\"2267ecdb\" data-element_type=\"widget\" data-widget_type=\"text-editor.default\">\n\t\t\t\t<div class=\"elementor-widget-container\">\n\t\t\t<style>\/*! elementor - v3.20.0 - 13-03-2024 *\/\n.elementor-widget-text-editor.elementor-drop-cap-view-stacked .elementor-drop-cap{background-color:#69727d;color:#fff}.elementor-widget-text-editor.elementor-drop-cap-view-framed .elementor-drop-cap{color:#69727d;border:3px solid;background-color:transparent}.elementor-widget-text-editor:not(.elementor-drop-cap-view-default) .elementor-drop-cap{margin-top:8px}.elementor-widget-text-editor:not(.elementor-drop-cap-view-default) .elementor-drop-cap-letter{width:1em;height:1em}.elementor-widget-text-editor .elementor-drop-cap{float:left;text-align:center;line-height:1;font-size:50px}.elementor-widget-text-editor .elementor-drop-cap-letter{display:inline-block}<\/style>\t\t\t\t<span style=\"font-size: 14pt;\">Est\u00e1 orientado a llagareros no profesionales que empleen el sistema tradicional de elaboraci\u00f3n de sidra en pipa de madera, con el objetivo de dar un impulso al uso de este material para su producci\u00f3n, que va cayendo poco a poco en desuso por la generalizaci\u00f3n de los dep\u00f3sitos de fibra de vidrio y de acero inoxidable. <\/span>\r\n\r\n<span style=\"font-size: 14pt;\"><img decoding=\"async\" class=\"size-medium wp-image-155 alignleft\" src=\"https:\/\/fundacionasturies.org\/psla\/wp-content\/uploads\/2024\/03\/IGP3183-anikina-300x199.jpg\" alt=\"\" width=\"300\" height=\"199\" srcset=\"https:\/\/fundacionasturies.org\/psla\/wp-content\/uploads\/2024\/03\/IGP3183-anikina-300x199.jpg 300w, https:\/\/fundacionasturies.org\/psla\/wp-content\/uploads\/2024\/03\/IGP3183-anikina-1024x679.jpg 1024w, https:\/\/fundacionasturies.org\/psla\/wp-content\/uploads\/2024\/03\/IGP3183-anikina-768x509.jpg 768w, https:\/\/fundacionasturies.org\/psla\/wp-content\/uploads\/2024\/03\/IGP3183-anikina.jpg 1500w\" sizes=\"(max-width: 300px) 100vw, 300px\" \/>Adem\u00e1s este concurso es de los pocos existentes que tiene \u00e1mbito asturiano ya que la mayor\u00eda de los que se celebran, est\u00e1n limitados al concejo en el que se convocan.<\/span>\r\n\r\n<span style=\"font-size: 14pt;\">La recogida de sidra se har\u00e1 en la misma Primer Sidre l&#8217;A\u00f1u y cada elaborador debe aportar una caja. Las deliberaciones del jurado ser\u00e1n p\u00fablicas y al finalizar el concurso se ofrecer\u00e1 a todos los presentes la oportunidad de probar toda la sidra participante.<\/span>\r\n\r\n<span style=\"font-size: 14pt;\">Los participantes podr\u00e1n entregar su sidra -una caja sin ninguna se\u00f1al distintiva en las botellas- en la Primer Sidre l&#8217;A\u00f1u hasta el mismo domingo a las 13:00 horas, cuando se iniciar\u00e1 el concurso.\u00a0<\/span>\t\t\t\t\t\t<\/div>\n\t\t\t\t<\/div>\n\t\t\t\t\t<\/div>\n\t\t\t\t<\/div>\n\t\t\t\t<\/div>\n\t\t","protected":false},"excerpt":{"rendered":"<p>Est\u00e1 orientado a llagareros no profesionales que empleen el sistema tradicional de elaboraci\u00f3n de sidra en pipa de madera, con el objetivo de dar un impulso al uso de este material para su producci\u00f3n, que va cayendo poco a poco en desuso por la generalizaci\u00f3n de los dep\u00f3sitos de fibra de vidrio y de acero [&hellip;]<\/p>\n","protected":false},"author":1,"featured_media":0,"parent":0,"menu_order":0,"comment_status":"closed","ping_status":"closed","template":"elementor_header_footer","meta":{"footnotes":""},"class_list":["post-86","page","type-page","status-publish","hentry"],"yoast_head":"<!-- This site is optimized with the Yoast SEO plugin v22.3 - https:\/\/yoast.com\/wordpress\/plugins\/seo\/ -->\n<title>Concurso Sidra Casero Fecho en Maera -<\/title>\n<meta name=\"robots\" content=\"index, follow, max-snippet:-1, max-image-preview:large, max-video-preview:-1\" \/>\n<link rel=\"canonical\" href=\"https:\/\/fundacionasturies.org\/psla\/concurso-sidra-casera-hecha-en-madera\/\" \/>\n<meta property=\"og:locale\" content=\"es_ES\" \/>\n<meta property=\"og:type\" content=\"article\" \/>\n<meta property=\"og:title\" content=\"Concurso Sidra Casero Fecho en Maera -\" \/>\n<meta property=\"og:description\" content=\"Est\u00e1 orientado a llagareros no profesionales que empleen el sistema tradicional de elaboraci\u00f3n de sidra en pipa de madera, con el objetivo de dar un impulso al uso de este material para su producci\u00f3n, que va cayendo poco a poco en desuso por la generalizaci\u00f3n de los dep\u00f3sitos de fibra de vidrio y de acero [&hellip;]\" \/>\n<meta property=\"og:url\" content=\"https:\/\/fundacionasturies.org\/psla\/concurso-sidra-casera-hecha-en-madera\/\" \/>\n<meta property=\"article:modified_time\" content=\"2024-03-22T09:36:21+00:00\" \/>\n<meta property=\"og:image\" content=\"https:\/\/fundacionasturies.org\/psla\/wp-content\/uploads\/2024\/03\/anikina-6677.jpg\" \/>\n<meta name=\"twitter:card\" content=\"summary_large_image\" \/>\n<meta name=\"twitter:label1\" content=\"Tiempo de lectura\" \/>\n\t<meta name=\"twitter:data1\" content=\"1 minuto\" \/>\n<script type=\"application\/ld+json\" class=\"yoast-schema-graph\">{\"@context\":\"https:\/\/schema.org\",\"@graph\":[{\"@type\":\"WebPage\",\"@id\":\"https:\/\/fundacionasturies.org\/psla\/concurso-sidra-casera-hecha-en-madera\/\",\"url\":\"https:\/\/fundacionasturies.org\/psla\/concurso-sidra-casera-hecha-en-madera\/\",\"name\":\"Concurso Sidra Casero Fecho en Maera -\",\"isPartOf\":{\"@id\":\"https:\/\/fundacionasturies.org\/psla\/#website\"},\"primaryImageOfPage\":{\"@id\":\"https:\/\/fundacionasturies.org\/psla\/concurso-sidra-casera-hecha-en-madera\/#primaryimage\"},\"image\":{\"@id\":\"https:\/\/fundacionasturies.org\/psla\/concurso-sidra-casera-hecha-en-madera\/#primaryimage\"},\"thumbnailUrl\":\"https:\/\/fundacionasturies.org\/psla\/wp-content\/uploads\/2024\/03\/anikina-6677.jpg\",\"datePublished\":\"2024-03-21T07:20:02+00:00\",\"dateModified\":\"2024-03-22T09:36:21+00:00\",\"breadcrumb\":{\"@id\":\"https:\/\/fundacionasturies.org\/psla\/concurso-sidra-casera-hecha-en-madera\/#breadcrumb\"},\"inLanguage\":\"es\",\"potentialAction\":[{\"@type\":\"ReadAction\",\"target\":[\"https:\/\/fundacionasturies.org\/psla\/concurso-sidra-casera-hecha-en-madera\/\"]}]},{\"@type\":\"ImageObject\",\"inLanguage\":\"es\",\"@id\":\"https:\/\/fundacionasturies.org\/psla\/concurso-sidra-casera-hecha-en-madera\/#primaryimage\",\"url\":\"https:\/\/fundacionasturies.org\/psla\/wp-content\/uploads\/2024\/03\/anikina-6677.jpg\",\"contentUrl\":\"https:\/\/fundacionasturies.org\/psla\/wp-content\/uploads\/2024\/03\/anikina-6677.jpg\",\"width\":1208,\"height\":800},{\"@type\":\"BreadcrumbList\",\"@id\":\"https:\/\/fundacionasturies.org\/psla\/concurso-sidra-casera-hecha-en-madera\/#breadcrumb\",\"itemListElement\":[{\"@type\":\"ListItem\",\"position\":1,\"name\":\"Portada\",\"item\":\"https:\/\/fundacionasturies.org\/psla\/\"},{\"@type\":\"ListItem\",\"position\":2,\"name\":\"Concurso Sidra Casero Fecho en Maera\"}]},{\"@type\":\"WebSite\",\"@id\":\"https:\/\/fundacionasturies.org\/psla\/#website\",\"url\":\"https:\/\/fundacionasturies.org\/psla\/\",\"name\":\"\",\"description\":\"\",\"potentialAction\":[{\"@type\":\"SearchAction\",\"target\":{\"@type\":\"EntryPoint\",\"urlTemplate\":\"https:\/\/fundacionasturies.org\/psla\/?s={search_term_string}\"},\"query-input\":\"required name=search_term_string\"}],\"inLanguage\":\"es\"}]}<\/script>\n<!-- \/ Yoast SEO plugin. -->","yoast_head_json":{"title":"Concurso Sidra Casero Fecho en Maera -","robots":{"index":"index","follow":"follow","max-snippet":"max-snippet:-1","max-image-preview":"max-image-preview:large","max-video-preview":"max-video-preview:-1"},"canonical":"https:\/\/fundacionasturies.org\/psla\/concurso-sidra-casera-hecha-en-madera\/","og_locale":"es_ES","og_type":"article","og_title":"Concurso Sidra Casero Fecho en Maera -","og_description":"Est\u00e1 orientado a llagareros no profesionales que empleen el sistema tradicional de elaboraci\u00f3n de sidra en pipa de madera, con el objetivo de dar un impulso al uso de este material para su producci\u00f3n, que va cayendo poco a poco en desuso por la generalizaci\u00f3n de los dep\u00f3sitos de fibra de vidrio y de acero [&hellip;]","og_url":"https:\/\/fundacionasturies.org\/psla\/concurso-sidra-casera-hecha-en-madera\/","article_modified_time":"2024-03-22T09:36:21+00:00","og_image":[{"url":"https:\/\/fundacionasturies.org\/psla\/wp-content\/uploads\/2024\/03\/anikina-6677.jpg"}],"twitter_card":"summary_large_image","twitter_misc":{"Tiempo de lectura":"1 minuto"},"schema":{"@context":"https:\/\/schema.org","@graph":[{"@type":"WebPage","@id":"https:\/\/fundacionasturies.org\/psla\/concurso-sidra-casera-hecha-en-madera\/","url":"https:\/\/fundacionasturies.org\/psla\/concurso-sidra-casera-hecha-en-madera\/","name":"Concurso Sidra Casero Fecho en Maera -","isPartOf":{"@id":"https:\/\/fundacionasturies.org\/psla\/#website"},"primaryImageOfPage":{"@id":"https:\/\/fundacionasturies.org\/psla\/concurso-sidra-casera-hecha-en-madera\/#primaryimage"},"image":{"@id":"https:\/\/fundacionasturies.org\/psla\/concurso-sidra-casera-hecha-en-madera\/#primaryimage"},"thumbnailUrl":"https:\/\/fundacionasturies.org\/psla\/wp-content\/uploads\/2024\/03\/anikina-6677.jpg","datePublished":"2024-03-21T07:20:02+00:00","dateModified":"2024-03-22T09:36:21+00:00","breadcrumb":{"@id":"https:\/\/fundacionasturies.org\/psla\/concurso-sidra-casera-hecha-en-madera\/#breadcrumb"},"inLanguage":"es","potentialAction":[{"@type":"ReadAction","target":["https:\/\/fundacionasturies.org\/psla\/concurso-sidra-casera-hecha-en-madera\/"]}]},{"@type":"ImageObject","inLanguage":"es","@id":"https:\/\/fundacionasturies.org\/psla\/concurso-sidra-casera-hecha-en-madera\/#primaryimage","url":"https:\/\/fundacionasturies.org\/psla\/wp-content\/uploads\/2024\/03\/anikina-6677.jpg","contentUrl":"https:\/\/fundacionasturies.org\/psla\/wp-content\/uploads\/2024\/03\/anikina-6677.jpg","width":1208,"height":800},{"@type":"BreadcrumbList","@id":"https:\/\/fundacionasturies.org\/psla\/concurso-sidra-casera-hecha-en-madera\/#breadcrumb","itemListElement":[{"@type":"ListItem","position":1,"name":"Portada","item":"https:\/\/fundacionasturies.org\/psla\/"},{"@type":"ListItem","position":2,"name":"Concurso Sidra Casero Fecho en Maera"}]},{"@type":"WebSite","@id":"https:\/\/fundacionasturies.org\/psla\/#website","url":"https:\/\/fundacionasturies.org\/psla\/","name":"","description":"","potentialAction":[{"@type":"SearchAction","target":{"@type":"EntryPoint","urlTemplate":"https:\/\/fundacionasturies.org\/psla\/?s={search_term_string}"},"query-input":"required name=search_term_string"}],"inLanguage":"es"}]}},"_links":{"self":[{"href":"https:\/\/fundacionasturies.org\/psla\/wp-json\/wp\/v2\/pages\/86","targetHints":{"allow":["GET"]}}],"collection":[{"href":"https:\/\/fundacionasturies.org\/psla\/wp-json\/wp\/v2\/pages"}],"about":[{"href":"https:\/\/fundacionasturies.org\/psla\/wp-json\/wp\/v2\/types\/page"}],"author":[{"embeddable":true,"href":"https:\/\/fundacionasturies.org\/psla\/wp-json\/wp\/v2\/users\/1"}],"replies":[{"embeddable":true,"href":"https:\/\/fundacionasturies.org\/psla\/wp-json\/wp\/v2\/comments?post=86"}],"version-history":[{"count":9,"href":"https:\/\/fundacionasturies.org\/psla\/wp-json\/wp\/v2\/pages\/86\/revisions"}],"predecessor-version":[{"id":455,"href":"https:\/\/fundacionasturies.org\/psla\/wp-json\/wp\/v2\/pages\/86\/revisions\/455"}],"wp:attachment":[{"href":"https:\/\/fundacionasturies.org\/psla\/wp-json\/wp\/v2\/media?parent=86"}],"curies":[{"name":"wp","href":"https:\/\/api.w.org\/{rel}","templated":true}]}}